{"id":64,"date":"2023-06-06T09:01:14","date_gmt":"2023-06-06T09:01:14","guid":{"rendered":"https:\/\/www.crematoriomascotashuelva.com\/?page_id=64"},"modified":"2023-07-13T16:05:38","modified_gmt":"2023-07-13T16:05:38","slug":"servicios","status":"publish","type":"page","link":"https:\/\/www.crematoriomascotashuelva.com\/index.php\/servicios\/","title":{"rendered":"Servicios"},"content":{"rendered":"<p>[et_pb_section fb_built=\u00bb1&#8243; _builder_version=\u00bb4.21.0&#8243; _module_preset=\u00bbdefault\u00bb background_image=\u00bbhttps:\/\/www.crematoriomascotashuelva.com\/wp-content\/uploads\/2023\/06\/friends-g09d122053_1280.jpg\u00bb width=\u00bb100%\u00bb max_width=\u00bb100%\u00bb custom_margin=\u00bb||-4px|||\u00bb custom_padding=\u00bb304px||93px|||\u00bb global_colors_info=\u00bb{}\u00bb][et_pb_row _builder_version=\u00bb4.21.0&#8243; _module_preset=\u00bbdefault\u00bb min_height=\u00bb15.8px\u00bb global_colors_info=\u00bb{}\u00bb][et_pb_column type=\u00bb4_4&#8243; _builder_version=\u00bb4.21.0&#8243; _module_preset=\u00bbdefault\u00bb global_colors_info=\u00bb{}\u00bb][et_pb_text _builder_version=\u00bb4.21.0&#8243; _module_preset=\u00bbdefault\u00bb text_font=\u00bbArchivo Black||||||||\u00bb text_text_color=\u00bb#FFFFFF\u00bb text_font_size=\u00bb43px\u00bb text_orientation=\u00bbcenter\u00bb custom_margin=\u00bb-119px||||false|false\u00bb global_colors_info=\u00bb{}\u00bb]<\/p>\n<p>Nuestros servicios<\/p>\n<p>[\/et_pb_text][\/et_pb_column][\/et_pb_row][\/et_pb_section][et_pb_section fb_built=\u00bb1&#8243; _builder_version=\u00bb4.21.0&#8243; _module_preset=\u00bbdefault\u00bb custom_margin=\u00bb||-101px|||\u00bb global_colors_info=\u00bb{}\u00bb][et_pb_row column_structure=\u00bb1_2,1_2&#8243; _builder_version=\u00bb4.21.0&#8243; _module_preset=\u00bbdefault\u00bb custom_margin=\u00bb4px|auto||auto||\u00bb global_colors_info=\u00bb{}\u00bb][et_pb_column type=\u00bb1_2&#8243; _builder_version=\u00bb4.21.0&#8243; _module_preset=\u00bbdefault\u00bb global_colors_info=\u00bb{}\u00bb][et_pb_image src=\u00bbhttps:\/\/www.crematoriomascotashuelva.com\/wp-content\/uploads\/2023\/06\/dog-190056_1920.jpg\u00bb title_text=\u00bbperro en el monte\u00bb _builder_version=\u00bb4.21.0&#8243; _module_preset=\u00bbdefault\u00bb transform_scale=\u00bb114%|114%\u00bb width=\u00bb100%\u00bb module_alignment=\u00bbcenter\u00bb custom_margin=\u00bb107px||||false|false\u00bb animation_style=\u00bbslide\u00bb global_colors_info=\u00bb{}\u00bb][\/et_pb_image][\/et_pb_column][et_pb_column type=\u00bb1_2&#8243; _builder_version=\u00bb4.21.0&#8243; _module_preset=\u00bbdefault\u00bb global_colors_info=\u00bb{}\u00bb][et_pb_icon font_icon=\u00bb&#xf5d7;||fa||900&#8243; icon_width=\u00bb48px\u00bb align=\u00bbleft\u00bb _builder_version=\u00bb4.21.0&#8243; _module_preset=\u00bbdefault\u00bb global_colors_info=\u00bb{}\u00bb][\/et_pb_icon][et_pb_text _builder_version=\u00bb4.21.0&#8243; _module_preset=\u00bbdefault\u00bb text_font=\u00bbAcme||||||||\u00bb text_font_size=\u00bb11px\u00bb header_2_font_size=\u00bb35px\u00bb text_orientation=\u00bbcenter\u00bb custom_margin=\u00bb||11px|||\u00bb global_colors_info=\u00bb{}\u00bb]<\/p>\n<h2><span class=\"font-169718\">El digno final que ellos se merecen<\/span><\/h2>\n<p>[\/et_pb_text][et_pb_text _builder_version=\u00bb4.21.0&#8243; _module_preset=\u00bbdefault\u00bb header_3_font=\u00bbAcme||||||||\u00bb header_3_text_align=\u00bbcenter\u00bb header_3_font_size=\u00bb24px\u00bb custom_margin=\u00bb||15px|||\u00bb global_colors_info=\u00bb{}\u00bb]<\/p>\n<h3 class=\"font-114193 h3 font-weight-800\"><span>Incineraci\u00f3n individual y colectivas de animales domesticos<\/span><\/h3>\n<p>[\/et_pb_text][et_pb_text _builder_version=\u00bb4.21.0&#8243; _module_preset=\u00bbdefault\u00bb text_font=\u00bbABeeZee||||||||\u00bb hover_enabled=\u00bb0&#8243; global_colors_info=\u00bb{}\u00bb sticky_enabled=\u00bb0&#8243;]<\/p>\n<p>En Complejo Residencial de Animales realizamos incineraciones individuales y colectivas\u00a0 de animales dom\u00e9sticos, ofreciendo un trato personalizado y de confianza hacia nuestros clientes y sus mascotas.<br \/>Comprendemos la dif\u00edcil situaci\u00f3n por la que se encuentran al despedirse por \u00faltima vez de vuestro ser querido, por eso contamos con un equipo que ama y defiende a los animales.<\/p>\n<p>La cremaci\u00f3n es la soluci\u00f3n para aquellas familias que quieren recuperar las cenizas de su mascota. Es la elecci\u00f3n m\u00e1s higi\u00e9nica y m\u00e1s recomendada ya que al finalizar el proceso el propietario recupera las cenizas en una urna incluida en el precio o de dise\u00f1o, junto con el certificado de la incineraci\u00f3n. Nuestro objetivo es su tranquilidad, por eso miles de clientes conf\u00edan en nosotros.<\/p>\n<p>Adem\u00e1s, garantizamos que durante todo el proceso, su mascota es tratada con el m\u00e1ximo cari\u00f1o y respeto que sin duda merece.<\/p>\n<p>[\/et_pb_text][\/et_pb_column][\/et_pb_row][et_pb_row column_structure=\u00bb1_2,1_2&#8243; _builder_version=\u00bb4.21.0&#8243; _module_preset=\u00bbdefault\u00bb custom_margin=\u00bb4px|auto||auto||\u00bb global_colors_info=\u00bb{}\u00bb][et_pb_column type=\u00bb1_2&#8243; _builder_version=\u00bb4.21.0&#8243; _module_preset=\u00bbdefault\u00bb global_colors_info=\u00bb{}\u00bb][et_pb_icon font_icon=\u00bb&#xf5d7;||fa||900&#8243; icon_width=\u00bb48px\u00bb align=\u00bbleft\u00bb _builder_version=\u00bb4.21.0&#8243; _module_preset=\u00bbdefault\u00bb global_colors_info=\u00bb{}\u00bb][\/et_pb_icon][et_pb_text _builder_version=\u00bb4.21.0&#8243; _module_preset=\u00bbdefault\u00bb text_font=\u00bbAcme||||||||\u00bb text_font_size=\u00bb11px\u00bb header_2_font_size=\u00bb35px\u00bb text_orientation=\u00bbcenter\u00bb custom_margin=\u00bb||11px|||\u00bb global_colors_info=\u00bb{}\u00bb]<\/p>\n<h2><span>Recogida de la mascota en el domicilio o en la cl\u00ednica veterinaria<\/span><\/h2>\n<p>[\/et_pb_text][et_pb_text _builder_version=\u00bb4.21.0&#8243; _module_preset=\u00bbdefault\u00bb text_font=\u00bbABeeZee||||||||\u00bb global_colors_info=\u00bb{}\u00bb]<\/p>\n<p><span>Contamos con un equipo profesional y con veh\u00edculos acondicionados para realizar la recogida de su mascota en su domicilio o en la cl\u00ednica veterinaria.<\/span><\/p>\n<p>[\/et_pb_text][et_pb_text _builder_version=\u00bb4.21.0&#8243; _module_preset=\u00bbdefault\u00bb text_font=\u00bbAcme||||||||\u00bb text_text_color=\u00bb#000000&#8243; text_font_size=\u00bb29px\u00bb header_3_font=\u00bbAcme||||||||\u00bb header_3_text_align=\u00bbcenter\u00bb header_3_font_size=\u00bb24px\u00bb custom_margin=\u00bb||15px|||\u00bb global_colors_info=\u00bb{}\u00bb]<\/p>\n<p><span>\u00daltimo \u201cadi\u00f3s\u201d<\/span><\/p>\n<p>[\/et_pb_text][et_pb_text _builder_version=\u00bb4.21.0&#8243; _module_preset=\u00bbdefault\u00bb global_colors_info=\u00bb{}\u00bb]<\/p>\n<p><span>Los propietarios tienen la posibilidad de asistir a la cremaci\u00f3n de su mascota bajo cita previa para poder darle un \u00faltimo y sentido homenaje.\u00a0<\/span><\/p>\n<p>[\/et_pb_text][\/et_pb_column][et_pb_column type=\u00bb1_2&#8243; _builder_version=\u00bb4.21.0&#8243; _module_preset=\u00bbdefault\u00bb global_colors_info=\u00bb{}\u00bb][et_pb_image src=\u00bbhttps:\/\/www.crematoriomascotashuelva.com\/wp-content\/uploads\/2023\/06\/man-gcba8a0540_640.jpg\u00bb title_text=\u00bbcrematorio Huelva\u00bb _builder_version=\u00bb4.21.0&#8243; _module_preset=\u00bbdefault\u00bb transform_scale=\u00bb114%|114%\u00bb width=\u00bb100%\u00bb module_alignment=\u00bbcenter\u00bb custom_margin=\u00bb107px||||false|false\u00bb animation_style=\u00bbslide\u00bb global_colors_info=\u00bb{}\u00bb][\/et_pb_image][\/et_pb_column][\/et_pb_row][\/et_pb_section][et_pb_section fb_built=\u00bb1&#8243; _builder_version=\u00bb4.21.0&#8243; _module_preset=\u00bbdefault\u00bb global_colors_info=\u00bb{}\u00bb][et_pb_row column_structure=\u00bb1_3,1_3,1_3&#8243; use_custom_gutter=\u00bbon\u00bb gutter_width=\u00bb1&#8243; _builder_version=\u00bb4.21.0&#8243; _module_preset=\u00bbdefault\u00bb width=\u00bb100%\u00bb max_width=\u00bb100%\u00bb global_colors_info=\u00bb{}\u00bb][et_pb_column type=\u00bb1_3&#8243; _builder_version=\u00bb4.21.0&#8243; _module_preset=\u00bbdefault\u00bb global_colors_info=\u00bb{}\u00bb][et_pb_blurb title=\u00bbServicio de recogida a domicilio\u00bb use_icon=\u00bbon\u00bb font_icon=\u00bb&#xf5e4;||fa||900&#8243; icon_color=\u00bb#FFFFFF\u00bb _builder_version=\u00bb4.21.0&#8243; _module_preset=\u00bbdefault\u00bb header_font=\u00bbAcme||||||||\u00bb header_text_color=\u00bb#FFFFFF\u00bb header_font_size=\u00bb31px\u00bb body_text_color=\u00bb#FFFFFF\u00bb body_font_size=\u00bb17px\u00bb background_color=\u00bb#444444&#8243; custom_padding=\u00bb30px|30px|30px|30px|false|false\u00bb global_colors_info=\u00bb{}\u00bb]<\/p>\n<p><span>Disponemos de un servicio de recogida y entrega tanto en la cl\u00ednica veterinaria como en el propio domicilio. Este servicio cubre Huelva capital y provincias lim\u00edtrofes<\/span><\/p>\n<p><span><\/span><\/p>\n<p>[\/et_pb_blurb][\/et_pb_column][et_pb_column type=\u00bb1_3&#8243; _builder_version=\u00bb4.21.0&#8243; _module_preset=\u00bbdefault\u00bb global_colors_info=\u00bb{}\u00bb][et_pb_blurb title=\u00bbAsistencia a la cremaci\u00f3n\u00bb use_icon=\u00bbon\u00bb font_icon=\u00bb&#xf1b0;||fa||900&#8243; icon_color=\u00bb#FFFFFF\u00bb _builder_version=\u00bb4.21.0&#8243; _module_preset=\u00bbdefault\u00bb header_font=\u00bbAcme||||||||\u00bb header_text_color=\u00bb#FFFFFF\u00bb header_font_size=\u00bb31px\u00bb body_text_color=\u00bb#FFFFFF\u00bb body_font_size=\u00bb17px\u00bb background_color=\u00bb#b78c00&#8243; custom_padding=\u00bb30px|30px|30px|30px|false|false\u00bb global_colors_info=\u00bb{}\u00bb]<\/p>\n<p><span>Los propietarios tienen la posibilidad de asistir a la cremaci\u00f3n de su mascota bajo cita previa para poder darle un \u00faltimo y sentido homenaje a su mascota. Podr\u00e1n estar c\u00f3modamente, durante el proceso en nuestra sala de espera dispuesta para ello.<\/span><\/p>\n<p>[\/et_pb_blurb][\/et_pb_column][et_pb_column type=\u00bb1_3&#8243; _builder_version=\u00bb4.21.0&#8243; _module_preset=\u00bbdefault\u00bb global_colors_info=\u00bb{}\u00bb][et_pb_blurb title=\u00bbRecuperaci\u00f3n de cenizas\u00bb use_icon=\u00bbon\u00bb font_icon=\u00bb&#xf2b5;||fa||900&#8243; icon_color=\u00bb#FFFFFF\u00bb _builder_version=\u00bb4.21.0&#8243; _module_preset=\u00bbdefault\u00bb header_font=\u00bbAcme||||||||\u00bb header_text_color=\u00bb#FFFFFF\u00bb header_font_size=\u00bb31px\u00bb body_text_color=\u00bb#FFFFFF\u00bb body_font_size=\u00bb17px\u00bb background_color=\u00bb#0b72c1&#8243; custom_padding=\u00bb30px|30px|30px|30px|false|false\u00bb global_colors_info=\u00bb{}\u00bb]<\/p>\n<p>El due\u00f1o recupera siempre las cenizas de su mascota con la incineraci\u00f3n individual y las puede recoger en nuestro centro o bien, se las entregamos en la cl\u00ednica veterinaria sin coste adicional, con toda nuestra\u00a0garant\u00eda.<\/p>\n<p>[\/et_pb_blurb][\/et_pb_column][\/et_pb_row][\/et_pb_section]<\/p>\n","protected":false},"excerpt":{"rendered":"<p>Nuestros serviciosEl digno final que ellos se merecenIncineraci\u00f3n individual y colectivas de animales domesticosEn Complejo Residencial de Animales realizamos incineraciones individuales y colectivas\u00a0 de animales dom\u00e9sticos, ofreciendo un trato personalizado y de confianza hacia nuestros clientes y sus mascotas.Comprendemos la dif\u00edcil situaci\u00f3n por la que se encuentran al despedirse por \u00faltima vez de vuestro ser [&hellip;]<\/p>\n","protected":false},"author":1,"featured_media":0,"parent":0,"menu_order":0,"comment_status":"closed","ping_status":"closed","template":"","meta":{"_et_pb_use_builder":"on","_et_pb_old_content":"","_et_gb_content_width":"","footnotes":""},"class_list":["post-64","page","type-page","status-publish","hentry"],"yoast_head":"<!-- This site is optimized with the Yoast SEO plugin v27.4 - https:\/\/yoast.com\/product\/yoast-seo-wordpress\/ -->\n<title>Servicios - crematoriomascotashuelva<\/title>\n<meta name=\"robots\" content=\"index, follow, max-snippet:-1, max-image-preview:large, max-video-preview:-1\" \/>\n<link rel=\"canonical\" href=\"https:\/\/www.crematoriomascotashuelva.com\/index.php\/servicios\/\" \/>\n<meta property=\"og:locale\" content=\"es_ES\" \/>\n<meta property=\"og:type\" content=\"article\" \/>\n<meta property=\"og:title\" content=\"Servicios - crematoriomascotashuelva\" \/>\n<meta property=\"og:description\" content=\"Nuestros serviciosEl digno final que ellos se merecenIncineraci\u00f3n individual y colectivas de animales domesticosEn Complejo Residencial de Animales realizamos incineraciones individuales y colectivas\u00a0 de animales dom\u00e9sticos, ofreciendo un trato personalizado y de confianza hacia nuestros clientes y sus mascotas.Comprendemos la dif\u00edcil situaci\u00f3n por la que se encuentran al despedirse por \u00faltima vez de vuestro ser [&hellip;]\" \/>\n<meta property=\"og:url\" content=\"https:\/\/www.crematoriomascotashuelva.com\/index.php\/servicios\/\" \/>\n<meta property=\"og:site_name\" content=\"crematoriomascotashuelva\" \/>\n<meta property=\"article:modified_time\" content=\"2023-07-13T16:05:38+00:00\" \/>\n<meta name=\"twitter:card\" content=\"summary_large_image\" \/>\n<script type=\"application\/ld+json\" class=\"yoast-schema-graph\">{\"@context\":\"https:\\\/\\\/schema.org\",\"@graph\":[{\"@type\":\"WebPage\",\"@id\":\"https:\\\/\\\/www.crematoriomascotashuelva.com\\\/index.php\\\/servicios\\\/\",\"url\":\"https:\\\/\\\/www.crematoriomascotashuelva.com\\\/index.php\\\/servicios\\\/\",\"name\":\"Servicios - crematoriomascotashuelva\",\"isPartOf\":{\"@id\":\"https:\\\/\\\/www.crematoriomascotashuelva.com\\\/#website\"},\"datePublished\":\"2023-06-06T09:01:14+00:00\",\"dateModified\":\"2023-07-13T16:05:38+00:00\",\"breadcrumb\":{\"@id\":\"https:\\\/\\\/www.crematoriomascotashuelva.com\\\/index.php\\\/servicios\\\/#breadcrumb\"},\"inLanguage\":\"es\",\"potentialAction\":[{\"@type\":\"ReadAction\",\"target\":[\"https:\\\/\\\/www.crematoriomascotashuelva.com\\\/index.php\\\/servicios\\\/\"]}]},{\"@type\":\"BreadcrumbList\",\"@id\":\"https:\\\/\\\/www.crematoriomascotashuelva.com\\\/index.php\\\/servicios\\\/#breadcrumb\",\"itemListElement\":[{\"@type\":\"ListItem\",\"position\":1,\"name\":\"Portada\",\"item\":\"https:\\\/\\\/www.crematoriomascotashuelva.com\\\/\"},{\"@type\":\"ListItem\",\"position\":2,\"name\":\"Servicios\"}]},{\"@type\":\"WebSite\",\"@id\":\"https:\\\/\\\/www.crematoriomascotashuelva.com\\\/#website\",\"url\":\"https:\\\/\\\/www.crematoriomascotashuelva.com\\\/\",\"name\":\"crematoriomascotashuelva\",\"description\":\"S&oacute;lo otro sitio de WordPress\",\"potentialAction\":[{\"@type\":\"SearchAction\",\"target\":{\"@type\":\"EntryPoint\",\"urlTemplate\":\"https:\\\/\\\/www.crematoriomascotashuelva.com\\\/?s={search_term_string}\"},\"query-input\":{\"@type\":\"PropertyValueSpecification\",\"valueRequired\":true,\"valueName\":\"search_term_string\"}}],\"inLanguage\":\"es\"}]}<\/script>\n<!-- \/ Yoast SEO plugin. -->","yoast_head_json":{"title":"Servicios - crematoriomascotashuelva","robots":{"index":"index","follow":"follow","max-snippet":"max-snippet:-1","max-image-preview":"max-image-preview:large","max-video-preview":"max-video-preview:-1"},"canonical":"https:\/\/www.crematoriomascotashuelva.com\/index.php\/servicios\/","og_locale":"es_ES","og_type":"article","og_title":"Servicios - crematoriomascotashuelva","og_description":"Nuestros serviciosEl digno final que ellos se merecenIncineraci\u00f3n individual y colectivas de animales domesticosEn Complejo Residencial de Animales realizamos incineraciones individuales y colectivas\u00a0 de animales dom\u00e9sticos, ofreciendo un trato personalizado y de confianza hacia nuestros clientes y sus mascotas.Comprendemos la dif\u00edcil situaci\u00f3n por la que se encuentran al despedirse por \u00faltima vez de vuestro ser [&hellip;]","og_url":"https:\/\/www.crematoriomascotashuelva.com\/index.php\/servicios\/","og_site_name":"crematoriomascotashuelva","article_modified_time":"2023-07-13T16:05:38+00:00","twitter_card":"summary_large_image","schema":{"@context":"https:\/\/schema.org","@graph":[{"@type":"WebPage","@id":"https:\/\/www.crematoriomascotashuelva.com\/index.php\/servicios\/","url":"https:\/\/www.crematoriomascotashuelva.com\/index.php\/servicios\/","name":"Servicios - crematoriomascotashuelva","isPartOf":{"@id":"https:\/\/www.crematoriomascotashuelva.com\/#website"},"datePublished":"2023-06-06T09:01:14+00:00","dateModified":"2023-07-13T16:05:38+00:00","breadcrumb":{"@id":"https:\/\/www.crematoriomascotashuelva.com\/index.php\/servicios\/#breadcrumb"},"inLanguage":"es","potentialAction":[{"@type":"ReadAction","target":["https:\/\/www.crematoriomascotashuelva.com\/index.php\/servicios\/"]}]},{"@type":"BreadcrumbList","@id":"https:\/\/www.crematoriomascotashuelva.com\/index.php\/servicios\/#breadcrumb","itemListElement":[{"@type":"ListItem","position":1,"name":"Portada","item":"https:\/\/www.crematoriomascotashuelva.com\/"},{"@type":"ListItem","position":2,"name":"Servicios"}]},{"@type":"WebSite","@id":"https:\/\/www.crematoriomascotashuelva.com\/#website","url":"https:\/\/www.crematoriomascotashuelva.com\/","name":"crematoriomascotashuelva","description":"S&oacute;lo otro sitio de WordPress","potentialAction":[{"@type":"SearchAction","target":{"@type":"EntryPoint","urlTemplate":"https:\/\/www.crematoriomascotashuelva.com\/?s={search_term_string}"},"query-input":{"@type":"PropertyValueSpecification","valueRequired":true,"valueName":"search_term_string"}}],"inLanguage":"es"}]}},"_links":{"self":[{"href":"https:\/\/www.crematoriomascotashuelva.com\/index.php\/wp-json\/wp\/v2\/pages\/64","targetHints":{"allow":["GET"]}}],"collection":[{"href":"https:\/\/www.crematoriomascotashuelva.com\/index.php\/wp-json\/wp\/v2\/pages"}],"about":[{"href":"https:\/\/www.crematoriomascotashuelva.com\/index.php\/wp-json\/wp\/v2\/types\/page"}],"author":[{"embeddable":true,"href":"https:\/\/www.crematoriomascotashuelva.com\/index.php\/wp-json\/wp\/v2\/users\/1"}],"replies":[{"embeddable":true,"href":"https:\/\/www.crematoriomascotashuelva.com\/index.php\/wp-json\/wp\/v2\/comments?post=64"}],"version-history":[{"count":16,"href":"https:\/\/www.crematoriomascotashuelva.com\/index.php\/wp-json\/wp\/v2\/pages\/64\/revisions"}],"predecessor-version":[{"id":196,"href":"https:\/\/www.crematoriomascotashuelva.com\/index.php\/wp-json\/wp\/v2\/pages\/64\/revisions\/196"}],"wp:attachment":[{"href":"https:\/\/www.crematoriomascotashuelva.com\/index.php\/wp-json\/wp\/v2\/media?parent=64"}],"curies":[{"name":"wp","href":"https:\/\/api.w.org\/{rel}","templated":true}]}}