{"id":17,"date":"2023-05-22T18:51:22","date_gmt":"2023-05-22T18:51:22","guid":{"rendered":"https:\/\/www.crematoriomascotashuelva.com\/?page_id=17"},"modified":"2023-07-13T16:49:31","modified_gmt":"2023-07-13T16:49:31","slug":"inicio","status":"publish","type":"page","link":"https:\/\/www.crematoriomascotashuelva.com\/","title":{"rendered":"Inicio"},"content":{"rendered":"<p>[et_pb_section fb_built=\u00bb1&#8243; fullwidth=\u00bbon\u00bb next_background_color=\u00bb#232220&#8243; admin_label=\u00bbHeader Section\u00bb _builder_version=\u00bb4.16&#8243; background_color=\u00bb#000000&#8243; bottom_divider_style=\u00bbramp\u00bb bottom_divider_flip=\u00bbhorizontal\u00bb global_colors_info=\u00bb{}\u00bb][et_pb_fullwidth_header title=\u00bbLos animales son quienes me han demostrado mas nobleza, fidelidad, lealtad y protecci\u00f3n\u00bb text_orientation=\u00bbcenter\u00bb content_max_width=\u00bb640px\u00bb _builder_version=\u00bb4.21.0&#8243; title_font=\u00bbOswald|||on|||||\u00bb title_font_size=\u00bb20px\u00bb title_letter_spacing=\u00bb3px\u00bb title_line_height=\u00bb1.5em\u00bb content_font=\u00bbLora||||||||\u00bb content_text_color=\u00bb#0a0a0a\u00bb content_font_size=\u00bb17px\u00bb content_line_height=\u00bb2em\u00bb subhead_font=\u00bbLora|700|||||||\u00bb subhead_text_color=\u00bb#000000&#8243; subhead_font_size=\u00bb80px\u00bb subhead_line_height=\u00bb1.5em\u00bb background_color=\u00bbrgba(255,255,255,0)\u00bb background_image=\u00bbhttps:\/\/www.crematoriomascotashuelva.com\/wp-content\/uploads\/2023\/05\/layaut-arena-huella-scaled.jpg\u00bb parallax=\u00bbon\u00bb parallax_method=\u00bbon\u00bb custom_button_one=\u00bbon\u00bb button_one_text_size=\u00bb16px\u00bb button_one_text_color=\u00bb#ffffff\u00bb button_one_bg_color=\u00bb#d29f68&#8243; button_one_border_width=\u00bb15px\u00bb button_one_border_color=\u00bbrgba(210,159,104,0)\u00bb button_one_border_radius=\u00bb100px\u00bb button_one_letter_spacing=\u00bb3px\u00bb button_one_font=\u00bbOswald|||on|||||\u00bb button_one_use_icon=\u00bboff\u00bb custom_button_two=\u00bbon\u00bb button_two_text_size=\u00bb16px\u00bb button_two_text_color=\u00bb#ffffff\u00bb button_two_bg_color=\u00bbrgba(0,0,0,0.35)\u00bb button_two_border_width=\u00bb15px\u00bb button_two_border_color=\u00bbrgba(0,0,0,0)\u00bb button_two_border_radius=\u00bb100px\u00bb button_two_letter_spacing=\u00bb3px\u00bb button_two_font=\u00bbOswald|||on|||||\u00bb button_two_use_icon=\u00bboff\u00bb background_layout=\u00bblight\u00bb custom_margin=\u00bb|||\u00bb custom_padding=\u00bb10vw||10vw||true\u00bb animation_style=\u00bbzoom\u00bb animation_duration=\u00bb2000ms\u00bb animation_intensity_zoom=\u00bb4%\u00bb hover_enabled=\u00bb0&#8243; subhead_font_size_tablet=\u00bb80px\u00bb subhead_font_size_phone=\u00bb50px\u00bb subhead_font_size_last_edited=\u00bbon|desktop\u00bb text_shadow_style=\u00bbpreset3&#8243; text_shadow_horizontal_length=\u00bb-0.03em\u00bb text_shadow_vertical_length=\u00bb0.27em\u00bb text_shadow_blur_strength=\u00bb0.57em\u00bb text_shadow_color=\u00bb#FFFFFF\u00bb button_one_border_radius_hover=\u00bb100px\u00bb button_one_bg_color_hover=\u00bb#cc8d66&#8243; button_two_bg_color_hover=\u00bb#d29f68&#8243; global_colors_info=\u00bb{}\u00bb button_one_text_size__hover_enabled=\u00bboff\u00bb button_two_text_size__hover_enabled=\u00bboff\u00bb button_one_text_color__hover_enabled=\u00bboff\u00bb button_two_text_color__hover_enabled=\u00bboff\u00bb button_one_border_width__hover_enabled=\u00bboff\u00bb button_two_border_width__hover_enabled=\u00bboff\u00bb button_one_border_color__hover_enabled=\u00bboff\u00bb button_two_border_color__hover_enabled=\u00bboff\u00bb button_one_border_radius__hover_enabled=\u00bbon\u00bb button_one_border_radius__hover=\u00bb100px\u00bb button_two_border_radius__hover_enabled=\u00bboff\u00bb button_one_letter_spacing__hover_enabled=\u00bboff\u00bb button_two_letter_spacing__hover_enabled=\u00bboff\u00bb button_one_bg_color__hover_enabled=\u00bbon\u00bb button_one_bg_color__hover=\u00bb#cc8d66&#8243; button_two_bg_color__hover_enabled=\u00bbon\u00bb button_two_bg_color__hover=\u00bb#d29f68&#8243; sticky_enabled=\u00bb0&#8243;]<\/p>\n<p>Juan Gil Zamora, fundador del Complejo Residencial de animales entre otros.<\/p>\n<p>&nbsp;<\/p>\n<p>[\/et_pb_fullwidth_header][\/et_pb_section][et_pb_section fb_built=\u00bb1&#8243; next_background_color=\u00bb#ffffff\u00bb _builder_version=\u00bb4.21.0&#8243; background_color=\u00bb#232220&#8243; use_background_color_gradient=\u00bbon\u00bb background_color_gradient_stops=\u00bb#232220 0%|rgba(255,255,255,0) 100%\u00bb background_color_gradient_overlays_image=\u00bbon\u00bb background_color_gradient_start=\u00bb#232220&#8243; background_color_gradient_end=\u00bbrgba(255,255,255,0)\u00bb background_image=\u00bbhttps:\/\/www.crematoriomascotashuelva.com\/wp-content\/uploads\/2023\/05\/pet-13.jpg\u00bb custom_padding=\u00bb0|0px|466px|0px|false|false\u00bb bottom_divider_style=\u00bbramp\u00bb hover_enabled=\u00bb0&#8243; global_colors_info=\u00bb{}\u00bb sticky_enabled=\u00bb0&#8243;][et_pb_row column_structure=\u00bb1_2,1_2&#8243; _builder_version=\u00bb4.21.0&#8243; _module_preset=\u00bbdefault\u00bb custom_padding=\u00bb6px|||||\u00bb global_colors_info=\u00bb{}\u00bb][et_pb_column type=\u00bb1_2&#8243; _builder_version=\u00bb4.21.0&#8243; _module_preset=\u00bbdefault\u00bb global_colors_info=\u00bb{}\u00bb][et_pb_text _builder_version=\u00bb4.21.0&#8243; _module_preset=\u00bbdefault\u00bb text_font=\u00bbAboreto||||||||\u00bb text_text_color=\u00bb#FFFFFF\u00bb text_font_size=\u00bb35px\u00bb text_line_height=\u00bb1.8em\u00bb text_orientation=\u00bbcenter\u00bb custom_margin=\u00bb22px|||-5px|false|false\u00bb text_font_size_tablet=\u00bb35px\u00bb text_font_size_phone=\u00bb16px\u00bb text_font_size_last_edited=\u00bbon|desktop\u00bb global_colors_info=\u00bb{}\u00bb]<\/p>\n<p>Un verdadero amigo deja huella en tu corazon<\/p>\n<p>[\/et_pb_text][\/et_pb_column][et_pb_column type=\u00bb1_2&#8243; _builder_version=\u00bb4.21.0&#8243; _module_preset=\u00bbdefault\u00bb global_colors_info=\u00bb{}\u00bb][\/et_pb_column][\/et_pb_row][\/et_pb_section][et_pb_section fb_built=\u00bb1&#8243; _builder_version=\u00bb4.21.0&#8243; _module_preset=\u00bbdefault\u00bb custom_padding=\u00bb||0px|||\u00bb global_colors_info=\u00bb{}\u00bb][et_pb_row _builder_version=\u00bb4.21.0&#8243; _module_preset=\u00bbdefault\u00bb global_colors_info=\u00bb{}\u00bb][et_pb_column type=\u00bb4_4&#8243; _builder_version=\u00bb4.21.0&#8243; _module_preset=\u00bbdefault\u00bb global_colors_info=\u00bb{}\u00bb][et_pb_text _builder_version=\u00bb4.21.0&#8243; _module_preset=\u00bbdefault\u00bb text_font=\u00bbAboreto||||||||\u00bb text_text_color=\u00bb#000000&#8243; text_font_size=\u00bb12px\u00bb text_orientation=\u00bbcenter\u00bb width=\u00bb100%\u00bb custom_margin=\u00bb||15px|||\u00bb global_colors_info=\u00bb{}\u00bb]<\/p>\n<h2>El adi\u00f3s que se merece<\/h2>\n<p>[\/et_pb_text][et_pb_icon font_icon=\u00bb&#xf1b0;||fa||900&#8243; icon_color=\u00bb#0C71C3&#8243; icon_width=\u00bb44px\u00bb _builder_version=\u00bb4.21.0&#8243; _module_preset=\u00bbdefault\u00bb global_colors_info=\u00bb{}\u00bb][\/et_pb_icon][et_pb_text _builder_version=\u00bb4.21.0&#8243; _module_preset=\u00bbdefault\u00bb text_font=\u00bbABeeZee||||||||\u00bb text_font_size=\u00bb18px\u00bb text_line_height=\u00bb1.8em\u00bb text_orientation=\u00bbcenter\u00bb hover_enabled=\u00bb0&#8243; global_colors_info=\u00bb{}\u00bb sticky_enabled=\u00bb0&#8243;]<\/p>\n<p><span>Por eso Complejo Residencial de Animales de Gibraleon ofrecemos Crematorio de Animales, para honrar la memoria de sus mascotas y darles un \u00faltimo adi\u00f3s m\u00e1s que merecido. El amor, el cari\u00f1o y el apoyo son los cimientos de nuestra filosof\u00eda de trabajo, pues somos conscientes de las sensaciones y sentimientos que provocan la p\u00e9rdida de nuestros seres queridos, y es por este motivo que ponemos a disposici\u00f3n de las personas que se encuentran en esta situaci\u00f3n el empe\u00f1o y consuelo necesario para sobreponerse al fin de un camino recorrido junto a nuestro fiel compa\u00f1ero.<\/span><\/p>\n<p>[\/et_pb_text][et_pb_text _builder_version=\u00bb4.21.0&#8243; text_font=\u00bb||||||||\u00bb header_font=\u00bb||||||||\u00bb header_font_size=\u00bb36px\u00bb header_2_font=\u00bbLora|700|||||||\u00bb header_2_font_size=\u00bb36px\u00bb header_2_line_height=\u00bb1.5em\u00bb header_5_font=\u00bbOswald|||on|||||\u00bb header_5_text_color=\u00bbrgba(0,0,0,0.4)\u00bb header_5_font_size=\u00bb20px\u00bb header_5_letter_spacing=\u00bb3px\u00bb header_5_line_height=\u00bb1.7em\u00bb text_orientation=\u00bbcenter\u00bb max_width=\u00bb600px\u00bb module_alignment=\u00bbcenter\u00bb text_line_height_last_edited=\u00bboff|desktop\u00bb header_2_font_size_tablet=\u00bb\u00bb header_2_font_size_phone=\u00bb36px\u00bb header_2_font_size_last_edited=\u00bbon|desktop\u00bb global_colors_info=\u00bb{}\u00bb]<\/p>\n<h5><\/h5>\n<h2>Nuestros servicios en Huelva<\/h2>\n<p>[\/et_pb_text][\/et_pb_column][\/et_pb_row][\/et_pb_section][et_pb_section fb_built=\u00bb1&#8243; next_background_color=\u00bb#ffffff\u00bb _builder_version=\u00bb4.21.0&#8243; _module_preset=\u00bbdefault\u00bb background_color=\u00bb#efefef\u00bb custom_padding=\u00bb61px||85px|||\u00bb bottom_divider_style=\u00bbarrow3&#8243; global_colors_info=\u00bb{}\u00bb][et_pb_row column_structure=\u00bb1_6,1_6,1_6,1_6,1_6,1_6&#8243; _builder_version=\u00bb4.21.0&#8243; _module_preset=\u00bbdefault\u00bb custom_margin=\u00bb43px|auto||auto||\u00bb global_colors_info=\u00bb{}\u00bb][et_pb_column type=\u00bb1_6&#8243; _builder_version=\u00bb4.21.0&#8243; _module_preset=\u00bbdefault\u00bb global_colors_info=\u00bb{}\u00bb][et_pb_icon font_icon=\u00bb&#xf1b0;||fa||900&#8243; _builder_version=\u00bb4.21.0&#8243; _module_preset=\u00bbdefault\u00bb animation_style=\u00bbfade\u00bb global_colors_info=\u00bb{}\u00bb][\/et_pb_icon][et_pb_text _builder_version=\u00bb4.21.0&#8243; _module_preset=\u00bbdefault\u00bb text_font=\u00bbABeeZee||||||||\u00bb global_colors_info=\u00bb{}\u00bb]<\/p>\n<p style=\"text-align: center;\">Incineraci\u00f3n individual de animales dom\u00e9sticos<\/p>\n<p>[\/et_pb_text][\/et_pb_column][et_pb_column type=\u00bb1_6&#8243; _builder_version=\u00bb4.21.0&#8243; _module_preset=\u00bbdefault\u00bb global_colors_info=\u00bb{}\u00bb][et_pb_icon font_icon=\u00bb&#xf4ce;||fa||900&#8243; icon_color=\u00bb#E09900&#8243; icon_width=\u00bb95px\u00bb _builder_version=\u00bb4.21.0&#8243; _module_preset=\u00bbdefault\u00bb background_color=\u00bbRGBA(255,255,255,0)\u00bb background_enable_pattern_style=\u00bbon\u00bb background_pattern_style=\u00bbhoneycomb\u00bb background_pattern_color=\u00bbRGBA(255,255,255,0)\u00bb animation_style=\u00bbfade\u00bb global_colors_info=\u00bb{}\u00bb][\/et_pb_icon][et_pb_text _builder_version=\u00bb4.21.0&#8243; _module_preset=\u00bbdefault\u00bb text_font=\u00bbABeeZee||||||||\u00bb global_colors_info=\u00bb{}\u00bb]<\/p>\n<p style=\"text-align: center;\">Recogida de la mascota en el domicilio o en la clinica veterinaria\u00a0<\/p>\n<p>[\/et_pb_text][\/et_pb_column][et_pb_column type=\u00bb1_6&#8243; _builder_version=\u00bb4.21.0&#8243; _module_preset=\u00bbdefault\u00bb global_colors_info=\u00bb{}\u00bb][et_pb_icon font_icon=\u00bb&#xe074;||divi||400&#8243; icon_color=\u00bb#969901&#8243; _builder_version=\u00bb4.21.0&#8243; _module_preset=\u00bbdefault\u00bb global_colors_info=\u00bb{}\u00bb][\/et_pb_icon][et_pb_text _builder_version=\u00bb4.21.0&#8243; _module_preset=\u00bbdefault\u00bb text_font=\u00bbABeeZee||||||||\u00bb global_colors_info=\u00bb{}\u00bb]<\/p>\n<p style=\"text-align: center;\">Entrega de las cenizas en una urna\u00a0<\/p>\n<p>[\/et_pb_text][\/et_pb_column][et_pb_column type=\u00bb1_6&#8243; _builder_version=\u00bb4.21.0&#8243; _module_preset=\u00bbdefault\u00bb global_colors_info=\u00bb{}\u00bb][et_pb_icon font_icon=\u00bb&#xf2b5;||fa||900&#8243; icon_color=\u00bb#6400b7&#8243; _builder_version=\u00bb4.21.0&#8243; _module_preset=\u00bbdefault\u00bb global_colors_info=\u00bb{}\u00bb][\/et_pb_icon][et_pb_text _builder_version=\u00bb4.21.0&#8243; _module_preset=\u00bbdefault\u00bb text_font=\u00bbABeeZee||||||||\u00bb global_colors_info=\u00bb{}\u00bb]<\/p>\n<p style=\"text-align: center;\">Asistencia personalizada a la cremaci\u00f3n<\/p>\n<p>[\/et_pb_text][\/et_pb_column][et_pb_column type=\u00bb1_6&#8243; _builder_version=\u00bb4.21.0&#8243; _module_preset=\u00bbdefault\u00bb global_colors_info=\u00bb{}\u00bb][et_pb_icon font_icon=\u00bb&#xf017;||fa||900&#8243; icon_color=\u00bb#000000&#8243; _builder_version=\u00bb4.21.0&#8243; _module_preset=\u00bbdefault\u00bb global_colors_info=\u00bb{}\u00bb][\/et_pb_icon][et_pb_text _builder_version=\u00bb4.21.0&#8243; _module_preset=\u00bbdefault\u00bb text_font=\u00bbABeeZee||||||||\u00bb global_colors_info=\u00bb{}\u00bb]<\/p>\n<p>Horario y urgencias<\/p>\n<p>[\/et_pb_text][\/et_pb_column][et_pb_column type=\u00bb1_6&#8243; _builder_version=\u00bb4.21.0&#8243; _module_preset=\u00bbdefault\u00bb global_colors_info=\u00bb{}\u00bb][et_pb_icon font_icon=\u00bb&#xf879;||fa||900&#8243; _builder_version=\u00bb4.21.0&#8243; _module_preset=\u00bbdefault\u00bb global_colors_info=\u00bb{}\u00bb][\/et_pb_icon][et_pb_text _builder_version=\u00bb4.21.0&#8243; _module_preset=\u00bbdefault\u00bb text_font=\u00bbABeeZee||||||||\u00bb global_colors_info=\u00bb{}\u00bb]Asistencia telef\u00f3nica[\/et_pb_text][\/et_pb_column][\/et_pb_row][\/et_pb_section][et_pb_section fb_built=\u00bb1&#8243; _builder_version=\u00bb4.21.0&#8243; _module_preset=\u00bbdefault\u00bb global_colors_info=\u00bb{}\u00bb][et_pb_row _builder_version=\u00bb4.21.0&#8243; _module_preset=\u00bbdefault\u00bb global_colors_info=\u00bb{}\u00bb][et_pb_column type=\u00bb4_4&#8243; _builder_version=\u00bb4.21.0&#8243; _module_preset=\u00bbdefault\u00bb global_colors_info=\u00bb{}\u00bb][et_pb_text _builder_version=\u00bb4.21.0&#8243; _module_preset=\u00bbdefault\u00bb text_font=\u00bbABeeZee||||||||\u00bb text_text_color=\u00bb#000000&#8243; text_font_size=\u00bb17px\u00bb text_orientation=\u00bbcenter\u00bb custom_margin=\u00bb||49px|||\u00bb global_colors_info=\u00bb{}\u00bb]<\/p>\n<p>Las incineraciones individuales se realizan siguiendo el orden de recogida.<\/p>\n<p>Las mascotas son identificadas con un saco sudario con los datos de la mascota y del centro veterinario o propietario, siguiendo as\u00ed una trazabilidad constante para su incineraci\u00f3n individual. Suelen estar listas en un plazo de 48 horas desde su recogida y posteriormente se entregar\u00edan personalmente en el centro veterinario. Se entregan en una urna de cer\u00e1mica con su nombre y adem\u00e1s disponemos de un amplio cat\u00e1logo de urnas de dise\u00f1o y moldes para huellas que puede contratar.<\/p>\n<p>[\/et_pb_text][et_pb_text _builder_version=\u00bb4.21.0&#8243; _module_preset=\u00bbdefault\u00bb text_font=\u00bbAcme||||||||\u00bb text_text_color=\u00bb#000000&#8243; text_font_size=\u00bb28px\u00bb text_orientation=\u00bbcenter\u00bb custom_margin=\u00bb||54px|||\u00bb global_colors_info=\u00bb{}\u00bb]<\/p>\n<p>ALGUNAS PREGUNTAS DE INTERES<\/p>\n<p>[\/et_pb_text][et_pb_accordion open_toggle_text_color=\u00bb#000000&#8243; closed_toggle_text_color=\u00bb#000000&#8243; _builder_version=\u00bb4.21.0&#8243; _module_preset=\u00bbdefault\u00bb toggle_text_color=\u00bb#000000&#8243; toggle_font=\u00bbABeeZee||||||||\u00bb toggle_font_size=\u00bb21px\u00bb animation_style=\u00bbslide\u00bb global_colors_info=\u00bb{}\u00bb][et_pb_accordion_item title=\u00bb\u00bfPodemos velar nuestra mascota?\u00bb open=\u00bbon\u00bb _builder_version=\u00bb4.21.0&#8243; _module_preset=\u00bbdefault\u00bb global_colors_info=\u00bb{}\u00bb]<\/p>\n<p>Bajo cita previa, puede estar presente y velar a su mascota antes de la incineraci\u00f3n y las cenizas se entregar\u00edan el mismo d\u00eda.<\/p>\n<p>[\/et_pb_accordion_item][et_pb_accordion_item title=\u00bb\u00bfTen\u00e9is recogida ?\u00bb _builder_version=\u00bb4.21.0&#8243; _module_preset=\u00bbdefault\u00bb global_colors_info=\u00bb{}\u00bb open=\u00bboff\u00bb]<\/p>\n<p>Si,<\/p>\n<p>Tambi\u00e9n se realiza servicio de recogida de urgencia e incineraci\u00f3n.<\/p>\n<p>[\/et_pb_accordion_item][et_pb_accordion_item title=\u00bb\u00bfC\u00f3mo son las incineraciones?\u00bb _builder_version=\u00bb4.21.0&#8243; _module_preset=\u00bbdefault\u00bb global_colors_info=\u00bb{}\u00bb open=\u00bboff\u00bb]<\/p>\n<p>La incineraci\u00f3n colectiva consiste en que su mascota ser\u00e1 incinerada junto a otros animales, sistema que se elige cuando no deseas conservar las cenizas. En ambos casos, recogemos a tu mascota en su domicilio o en su centro veterinario y nos encargamos de todos\u00a0los\u00a0tr\u00e1mites.<\/p>\n<p>[\/et_pb_accordion_item][\/et_pb_accordion][\/et_pb_column][\/et_pb_row][\/et_pb_section][et_pb_section fb_built=\u00bb1&#8243; admin_label=\u00bbFooter Section\u00bb _builder_version=\u00bb4.16&#8243; background_color=\u00bb#232220&#8243; use_background_color_gradient=\u00bbon\u00bb background_color_gradient_stops=\u00bb#232220 25%|rgba(35,34,32,0.13) 100%\u00bb background_color_gradient_overlays_image=\u00bbon\u00bb background_color_gradient_start=\u00bb#232220&#8243; background_color_gradient_start_position=\u00bb25%\u00bb background_color_gradient_end=\u00bbrgba(35,34,32,0.13)\u00bb background_image=\u00bbhttps:\/\/www.crematoriomascotashuelva.com\/wp-content\/uploads\/2023\/05\/pet-20.jpg\u00bb custom_margin=\u00bb-2px|||||\u00bb custom_padding=\u00bb185px|0px|185px|0px|true|false\u00bb saved_tabs=\u00bball\u00bb global_colors_info=\u00bb{}\u00bb][et_pb_row column_structure=\u00bb1_4,1_2,1_4&#8243; admin_label=\u00bbSubscribe\u00bb _builder_version=\u00bb4.16&#8243; custom_margin=\u00bb|||\u00bb custom_padding=\u00bb|||\u00bb animation_style=\u00bbzoom\u00bb animation_intensity_zoom=\u00bb5%\u00bb global_colors_info=\u00bb{}\u00bb][et_pb_column type=\u00bb1_4&#8243; _builder_version=\u00bb4.16&#8243; custom_padding=\u00bb|||\u00bb global_colors_info=\u00bb{}\u00bb custom_padding__hover=\u00bb|||\u00bb][\/et_pb_column][et_pb_column type=\u00bb1_2&#8243; _builder_version=\u00bb4.16&#8243; custom_padding=\u00bb|||\u00bb global_colors_info=\u00bb{}\u00bb custom_padding__hover=\u00bb|||\u00bb][et_pb_text _builder_version=\u00bb4.21.0&#8243; _module_preset=\u00bbdefault\u00bb text_font=\u00bbAbril Fatface||||||||\u00bb text_text_color=\u00bb#FFFFFF\u00bb text_font_size=\u00bb17px\u00bb header_font_size=\u00bb26px\u00bb header_2_font=\u00bbAbril Fatface||||||||\u00bb header_2_text_align=\u00bbcenter\u00bb header_2_text_color=\u00bb#FFFFFF\u00bb header_2_font_size=\u00bb48px\u00bb global_colors_info=\u00bb{}\u00bb]<\/p>\n<h2 class=\"et_pb_module_header et-fb-editable-element et-fb-editable-element__editing\" data-shortcode-id=\"6.0.1.0-1685736095410\" data-quickaccess-id=\"header\" contenteditable=\"true\">\u00bfPor qu\u00e9 elegirnos en Huelva?<\/h2>\n<p>[\/et_pb_text][et_pb_text _builder_version=\u00bb4.21.0&#8243; _module_preset=\u00bbdefault\u00bb text_font=\u00bbABeeZee||||||||\u00bb text_text_color=\u00bb#FFFFFF\u00bb text_font_size=\u00bb21px\u00bb text_orientation=\u00bbcenter\u00bb global_colors_info=\u00bb{}\u00bb]<\/p>\n<p>Porque en el complejo residencial de animales de Gibrale\u00f3n os tratamos a ti y a tu mascota como os merec\u00e9is en estos momentos complicados facilitando todo el procedimiento<\/p>\n<p>[\/et_pb_text][\/et_pb_column][et_pb_column type=\u00bb1_4&#8243; _builder_version=\u00bb4.16&#8243; custom_padding=\u00bb|||\u00bb global_colors_info=\u00bb{}\u00bb custom_padding__hover=\u00bb|||\u00bb][\/et_pb_column][\/et_pb_row][\/et_pb_section]<\/p>\n","protected":false},"excerpt":{"rendered":"<p>Juan Gil Zamora, fundador del Complejo Residencial de animales entre otros. &nbsp;Un verdadero amigo deja huella en tu corazonEl adi\u00f3s que se merecePor eso Complejo Residencial de Animales de Gibraleon ofrecemos Crematorio de Animales, para honrar la memoria de sus mascotas y darles un \u00faltimo adi\u00f3s m\u00e1s que merecido. El amor, el cari\u00f1o y el [&hellip;]<\/p>\n","protected":false},"author":1,"featured_media":0,"parent":0,"menu_order":0,"comment_status":"closed","ping_status":"closed","template":"","meta":{"_et_pb_use_builder":"on","_et_pb_old_content":"","_et_gb_content_width":"","footnotes":""},"class_list":["post-17","page","type-page","status-publish","hentry"],"yoast_head":"<!-- This site is optimized with the Yoast SEO plugin v27.4 - https:\/\/yoast.com\/product\/yoast-seo-wordpress\/ -->\n<title>Inicio - crematoriomascotashuelva<\/title>\n<meta name=\"robots\" content=\"index, follow, max-snippet:-1, max-image-preview:large, max-video-preview:-1\" \/>\n<link rel=\"canonical\" href=\"https:\/\/www.crematoriomascotashuelva.com\/\" \/>\n<meta property=\"og:locale\" content=\"es_ES\" \/>\n<meta property=\"og:type\" content=\"article\" \/>\n<meta property=\"og:title\" content=\"Inicio - crematoriomascotashuelva\" \/>\n<meta property=\"og:description\" content=\"Juan Gil Zamora, fundador del Complejo Residencial de animales entre otros. &nbsp;Un verdadero amigo deja huella en tu corazonEl adi\u00f3s que se merecePor eso Complejo Residencial de Animales de Gibraleon ofrecemos Crematorio de Animales, para honrar la memoria de sus mascotas y darles un \u00faltimo adi\u00f3s m\u00e1s que merecido. El amor, el cari\u00f1o y el [&hellip;]\" \/>\n<meta property=\"og:url\" content=\"https:\/\/www.crematoriomascotashuelva.com\/\" \/>\n<meta property=\"og:site_name\" content=\"crematoriomascotashuelva\" \/>\n<meta property=\"article:modified_time\" content=\"2023-07-13T16:49:31+00:00\" \/>\n<meta name=\"twitter:card\" content=\"summary_large_image\" \/>\n<script type=\"application\/ld+json\" class=\"yoast-schema-graph\">{\"@context\":\"https:\\\/\\\/schema.org\",\"@graph\":[{\"@type\":\"WebPage\",\"@id\":\"https:\\\/\\\/www.crematoriomascotashuelva.com\\\/\",\"url\":\"https:\\\/\\\/www.crematoriomascotashuelva.com\\\/\",\"name\":\"Inicio - crematoriomascotashuelva\",\"isPartOf\":{\"@id\":\"https:\\\/\\\/www.crematoriomascotashuelva.com\\\/#website\"},\"datePublished\":\"2023-05-22T18:51:22+00:00\",\"dateModified\":\"2023-07-13T16:49:31+00:00\",\"breadcrumb\":{\"@id\":\"https:\\\/\\\/www.crematoriomascotashuelva.com\\\/#breadcrumb\"},\"inLanguage\":\"es\",\"potentialAction\":[{\"@type\":\"ReadAction\",\"target\":[\"https:\\\/\\\/www.crematoriomascotashuelva.com\\\/\"]}]},{\"@type\":\"BreadcrumbList\",\"@id\":\"https:\\\/\\\/www.crematoriomascotashuelva.com\\\/#breadcrumb\",\"itemListElement\":[{\"@type\":\"ListItem\",\"position\":1,\"name\":\"Portada\",\"item\":\"https:\\\/\\\/www.crematoriomascotashuelva.com\\\/\"},{\"@type\":\"ListItem\",\"position\":2,\"name\":\"Inicio\"}]},{\"@type\":\"WebSite\",\"@id\":\"https:\\\/\\\/www.crematoriomascotashuelva.com\\\/#website\",\"url\":\"https:\\\/\\\/www.crematoriomascotashuelva.com\\\/\",\"name\":\"crematoriomascotashuelva\",\"description\":\"S&oacute;lo otro sitio de WordPress\",\"potentialAction\":[{\"@type\":\"SearchAction\",\"target\":{\"@type\":\"EntryPoint\",\"urlTemplate\":\"https:\\\/\\\/www.crematoriomascotashuelva.com\\\/?s={search_term_string}\"},\"query-input\":{\"@type\":\"PropertyValueSpecification\",\"valueRequired\":true,\"valueName\":\"search_term_string\"}}],\"inLanguage\":\"es\"}]}<\/script>\n<!-- \/ Yoast SEO plugin. -->","yoast_head_json":{"title":"Inicio - crematoriomascotashuelva","robots":{"index":"index","follow":"follow","max-snippet":"max-snippet:-1","max-image-preview":"max-image-preview:large","max-video-preview":"max-video-preview:-1"},"canonical":"https:\/\/www.crematoriomascotashuelva.com\/","og_locale":"es_ES","og_type":"article","og_title":"Inicio - crematoriomascotashuelva","og_description":"Juan Gil Zamora, fundador del Complejo Residencial de animales entre otros. &nbsp;Un verdadero amigo deja huella en tu corazonEl adi\u00f3s que se merecePor eso Complejo Residencial de Animales de Gibraleon ofrecemos Crematorio de Animales, para honrar la memoria de sus mascotas y darles un \u00faltimo adi\u00f3s m\u00e1s que merecido. El amor, el cari\u00f1o y el [&hellip;]","og_url":"https:\/\/www.crematoriomascotashuelva.com\/","og_site_name":"crematoriomascotashuelva","article_modified_time":"2023-07-13T16:49:31+00:00","twitter_card":"summary_large_image","schema":{"@context":"https:\/\/schema.org","@graph":[{"@type":"WebPage","@id":"https:\/\/www.crematoriomascotashuelva.com\/","url":"https:\/\/www.crematoriomascotashuelva.com\/","name":"Inicio - crematoriomascotashuelva","isPartOf":{"@id":"https:\/\/www.crematoriomascotashuelva.com\/#website"},"datePublished":"2023-05-22T18:51:22+00:00","dateModified":"2023-07-13T16:49:31+00:00","breadcrumb":{"@id":"https:\/\/www.crematoriomascotashuelva.com\/#breadcrumb"},"inLanguage":"es","potentialAction":[{"@type":"ReadAction","target":["https:\/\/www.crematoriomascotashuelva.com\/"]}]},{"@type":"BreadcrumbList","@id":"https:\/\/www.crematoriomascotashuelva.com\/#breadcrumb","itemListElement":[{"@type":"ListItem","position":1,"name":"Portada","item":"https:\/\/www.crematoriomascotashuelva.com\/"},{"@type":"ListItem","position":2,"name":"Inicio"}]},{"@type":"WebSite","@id":"https:\/\/www.crematoriomascotashuelva.com\/#website","url":"https:\/\/www.crematoriomascotashuelva.com\/","name":"crematoriomascotashuelva","description":"S&oacute;lo otro sitio de WordPress","potentialAction":[{"@type":"SearchAction","target":{"@type":"EntryPoint","urlTemplate":"https:\/\/www.crematoriomascotashuelva.com\/?s={search_term_string}"},"query-input":{"@type":"PropertyValueSpecification","valueRequired":true,"valueName":"search_term_string"}}],"inLanguage":"es"}]}},"_links":{"self":[{"href":"https:\/\/www.crematoriomascotashuelva.com\/index.php\/wp-json\/wp\/v2\/pages\/17","targetHints":{"allow":["GET"]}}],"collection":[{"href":"https:\/\/www.crematoriomascotashuelva.com\/index.php\/wp-json\/wp\/v2\/pages"}],"about":[{"href":"https:\/\/www.crematoriomascotashuelva.com\/index.php\/wp-json\/wp\/v2\/types\/page"}],"author":[{"embeddable":true,"href":"https:\/\/www.crematoriomascotashuelva.com\/index.php\/wp-json\/wp\/v2\/users\/1"}],"replies":[{"embeddable":true,"href":"https:\/\/www.crematoriomascotashuelva.com\/index.php\/wp-json\/wp\/v2\/comments?post=17"}],"version-history":[{"count":19,"href":"https:\/\/www.crematoriomascotashuelva.com\/index.php\/wp-json\/wp\/v2\/pages\/17\/revisions"}],"predecessor-version":[{"id":208,"href":"https:\/\/www.crematoriomascotashuelva.com\/index.php\/wp-json\/wp\/v2\/pages\/17\/revisions\/208"}],"wp:attachment":[{"href":"https:\/\/www.crematoriomascotashuelva.com\/index.php\/wp-json\/wp\/v2\/media?parent=17"}],"curies":[{"name":"wp","href":"https:\/\/api.w.org\/{rel}","templated":true}]}}