{"id":15,"date":"2023-05-22T18:47:35","date_gmt":"2023-05-22T18:47:35","guid":{"rendered":"https:\/\/www.crematoriomascotashuelva.com\/?page_id=15"},"modified":"2023-07-13T17:02:22","modified_gmt":"2023-07-13T17:02:22","slug":"terminos-y-condiciones","status":"publish","type":"page","link":"https:\/\/www.crematoriomascotashuelva.com\/index.php\/terminos-y-condiciones\/","title":{"rendered":"T\u00e9rminos y condiciones"},"content":{"rendered":"\n<p>En cumplimiento con el deber de informaci\u00f3n recogido en art\u00edculo 10 de la Ley 34\/2002, de 11 de julio, de Servicios de la Sociedad de la Informaci\u00f3n y del Comercio Electr\u00f3nico, a continuaci\u00f3n se hace constar:<\/p>\n\n\n\n<ul class=\"wp-block-list\">\n<li>1. DATOS IDENTIFICATIVOS: El titular del\/los dominio\/s web es\u00a0Complejo Residencial de Animales y Viveros de plantas S.L , con domicilio en\u00a0<strong>Crta. Nacional 431 km 88,250. Gibrale\u00f3n Huelva,\u00a0<\/strong>1,\u00a0<strong>Huelva<\/strong>\u00a0y con C.I.F.:\u00a0B21025002. Correo electr\u00f3nico de contacto: contacto@crematoriomascotashuelva.com<\/li>\n\n\n\n<li>2. USUARIOS: El acceso y\/o uso de este sitio web de\u00a0<strong>crematoriomascotashuelva<\/strong>\u00a0atribuye la condici\u00f3n de USUARIO, que acepta, desde dicho acceso y\/o uso, los presentes t\u00e9rminos de uso.<\/li>\n\n\n\n<li>3. USO DEL SITIO WEB:\u00a0<strong>crematoriomascotashuelva<\/strong>\u00a0proporciona el acceso a art\u00edculos, informaciones y datos (en adelante, \u201clos contenidos\u201d) propiedad de\u00a0crematoriomascotashuelva. El USUARIO asume la responsabilidad del uso de la web.<\/li>\n<\/ul>\n\n\n\n<p>La presente informaci\u00f3n conforma y regula las condiciones de uso, las limitaciones de responsabilidad y las obligaciones que, los USUARIOS de la p\u00e1gina Web que se publica bajo el nombre de dominio\u00a0e\u00a0<strong>crematoriomascotashuelva<\/strong>, asumen y se comprometen a respetar.<\/p>\n\n\n\n<h2 class=\"wp-block-heading\">CONDICIONES DE USO<\/h2>\n\n\n\n<p>La simple y mera utilizaci\u00f3n de la P\u00e1gina otorga la condici\u00f3n de USUARIO de la P\u00e1gina, bien sea persona f\u00edsica o jur\u00eddica, y obligatoriamente implica la aceptaci\u00f3n completa, plena y sin reservas de todas y cada una de las cl\u00e1usulas y condiciones generales incluidas en el Aviso Legal. Si el USUARIO no estuviera conforme con las cl\u00e1usulas y condiciones de uso de este Aviso Legal, se abstendr\u00e1 de utilizar la P\u00e1gina. Este Aviso Legal est\u00e1 sujeto a cambios y actualizaciones por lo que la versi\u00f3n publicada por\u00a0<strong>crematoriomascotashuelva<\/strong>, puede ser diferente en cada momento en que el USUARIO acceda al Portal. Por tanto, el USUARIO debe leer el Aviso Legal en todas y cada una de las ocasiones en que acceda a la P\u00e1gina.<\/p>\n\n\n\n<p>A trav\u00e9s de la P\u00e1gina,\u00a0<strong>crematoriomascotashuelva<\/strong>\u00a0facilita a los USUARIOS el acceso y la utilizaci\u00f3n de diversos contenidos publicados por medio de Internet por Residencial de Animales y Viveros de plantas S.L\u00a0o por terceros autorizados.<\/p>\n\n\n\n<p>El USUARIO esta obligado y se compromete a utilizar la P\u00e1gina y los Contenidos de conformidad con la legislaci\u00f3n vigente, el Aviso Legal, y cualquier otro aviso o instrucciones puestos en su conocimiento, bien sea por medio de este aviso legal o en cualquier otro lugar dentro de los Contenidos que conforman la P\u00e1gina, as\u00ed como con las normas de convivencia, la moral y buenas costumbres generalmente aceptadas. A tal efecto, el USUARIO se obliga y compromete a NO utilizar cualquiera de los Contenidos con fines o efectos il\u00edcitos, prohibidos en el Aviso Legal o por la legislaci\u00f3n vigente, lesivos de los derechos e intereses de terceros, o que de cualquier forma puedan da\u00f1ar, inutilizar, sobrecargar, deteriorar o impedir la normal utilizaci\u00f3n de los Contenidos, los equipos inform\u00e1ticos o los documentos, archivos y toda clase de contenidos almacenados en cualquier equipo inform\u00e1tico propios o contratados por\u00a0<strong>https:\/\/www.crematoriomascotashuelva.com\/<\/strong>\u00a0, de otros USUARIOS o de cualquier USUARIO de Internet (hardware y software).<\/p>\n\n\n\n<p>El USUARIO se obliga y se compromete a no transmitir, difundir o poner a disposici\u00f3n de terceros cualquier clase de material contenido en la P\u00e1gina, tales como informaciones, textos, datos, contenidos, mensajes, gr\u00e1ficos, dibujos, archivos de sonido y\/o imagen, fotograf\u00edas, grabaciones, software, logotipos, marcas, iconos, tecnolog\u00eda, fotograf\u00edas, software, enlaces, dise\u00f1o gr\u00e1fico y c\u00f3digos fuente, o cualquier otro material al que tuviera acceso en su condici\u00f3n de USUARIO de la P\u00e1gina, sin que esta enumeraci\u00f3n tenga car\u00e1cter limitativo. Asimismo, de conformidad con todo ello, el USUARIO no podr\u00e1:<\/p>\n\n\n\n<ul class=\"wp-block-list\">\n<li>Reproducir, copiar, distribuir, poner a disposici\u00f3n o de cualquier otra forma comunicar p\u00fablicamente, transformar o modificar los Contenidos, a menos que se cuente con la autorizaci\u00f3n escrita y expl\u00edcita de\u00a0<strong><a href=\"https:\/\/www.crematoriomascotashuelva.com\/\">https:\/\/www.crematoriomascotashuelva.com\/<\/a><\/strong>, que es titular de los correspondientes derechos, o bien que ello resulte legalmente permitido.<\/li>\n\n\n\n<li>Suprimir, manipular o de cualquier forma alterar el \u201ccopyright\u201d y dem\u00e1s datos identificativos de la reserva de derechos de<strong> https:\/\/www.crematoriomascotashuelva.com\/<\/strong>\u00a0\u00a0o de sus titulares, de las huellas y\/o identificadores digitales, o de cualesquiera otros medios t\u00e9cnicos establecidos para su reconocimiento.<\/li>\n<\/ul>\n\n\n\n<p>El USUARIO deber\u00e1 abstenerse de obtener e incluso de intentar obtener los Contenidos empleando para ello medios o procedimientos distintos de los que, seg\u00fan los casos, se hayan puesto a su disposici\u00f3n a este efecto o se hayan indicado a este efecto en las p\u00e1ginas Web donde se encuentren los Contenidos o, en general, de los que se empleen habitualmente en Internet a este efecto siempre que no entra\u00f1en un riesgo de da\u00f1o o inutilizaci\u00f3n de la P\u00e1gina, y\/o de los Contenidos.<\/p>\n\n\n\n<h2 class=\"wp-block-heading\">PROPIEDAD INTELECTUAL<\/h2>\n\n\n\n<p>Todas las marcas, nombres comerciales o signos distintivos de cualquier clase que aparecen en la P\u00e1gina son propiedad de\u00a0<strong>Complejo Residencial de Animales y Viveros de plantas S.L<\/strong>\u00a0o, en su caso, de terceros que han autorizado su uso, sin que pueda entenderse que el uso o acceso al Portal y\/o a los Contenidos atribuya al USUARIO derecho alguno sobre las citadas marcas, nombres comerciales y\/o signos distintivos, y sin que puedan entenderse cedidos al USUARIO, ninguno de los derechos de explotaci\u00f3n que existen o puedan existir sobre dichos Contenidos. De igual modo los Contenidos son propiedad intelectual de\u00a0<strong>Complejo Residencial de Animales y Viveros de plantas S.L\u00a0<\/strong>o de terceros en su caso, por tanto, los derechos de Propiedad Intelectual son titularidad de\u00a0<strong>Complejo Residencial de Animales y Viveros de plantas S.L<\/strong>, o de terceros que han autorizado su uso, a quienes corresponde el ejercicio exclusivo de los derechos de explotaci\u00f3n de los mismos en cualquier forma y, en especial, los derechos de reproducci\u00f3n, distribuci\u00f3n, comunicaci\u00f3n p\u00fablica y transformaci\u00f3n. La utilizaci\u00f3n no autorizada de la informaci\u00f3n contenida en esta Web, as\u00ed como la lesi\u00f3n de los derechos de Propiedad Intelectual o Industrial de\u00a0<strong>https:\/\/www.crematoriomascotashuelva.com\/<\/strong>\u00a0o de terceros incluidos en la P\u00e1gina que hayan cedido contenidos dar\u00e1 lugar a las responsabilidades legalmente establecidas.<\/p>\n\n\n\n<h2 class=\"wp-block-heading\">ENLACES<\/h2>\n\n\n\n<p>Aquellas personas que se propongan establecer enlaces entre su p\u00e1gina Web y la P\u00e1gina deber\u00e1n observar y cumplir las condiciones siguientes:<\/p>\n\n\n\n<ul class=\"wp-block-list\">\n<li>No ser\u00e1 necesaria autorizaci\u00f3n previa cuando el enlace permita \u00fanicamente el acceso a la p\u00e1gina de inicio, pero no podr\u00e1 reproducirla de ninguna forma. Cualquier otra forma de enlace requerir\u00e1 la autorizaci\u00f3n expresa e inequ\u00edvoca por escrito por parte de\u00a0https:\/\/www.crematoriomascotashuelva.com\/<\/li>\n\n\n\n<li>No se crear\u00e1n \u201cmarcos\u201d (\u201cframes\u201d) con las p\u00e1ginas Web ni sobre las p\u00e1ginas Web de\u00a0<strong>https:\/\/www.crematoriomascotashuelva.com\/<\/strong><\/li>\n\n\n\n<li>No se realizar\u00e1n manifestaciones o indicaciones falsas, inexactas, u ofensivas sobre\u00a0<strong>https:\/\/www.crematoriomascotashuelva.com\/<\/strong>\u00a0sus directivos, sus empleados o colaboradores, o de las personas que se relacionen en la P\u00e1gina por cualquier motivo, o de los USUARIOS de las P\u00e1gina, o de los Contenidos suministrados.<\/li>\n\n\n\n<li>No se declarar\u00e1 ni se dar\u00e1 a entender que\u00a0<strong>https:\/\/www.crematoriomascotashuelva.com\/<\/strong>\u00a0ha autorizado el enlace o que ha supervisado o asumido de cualquier forma los Contenidos ofrecidos o puestos a disposici\u00f3n de la p\u00e1gina Web en la que se establece el enlace.<\/li>\n\n\n\n<li>La p\u00e1gina Web en la que se establezca el enlace solo podr\u00e1 contener lo estrictamente necesario para identificar el destino del enlace.<\/li>\n\n\n\n<li>La p\u00e1gina Web en la que se establezca el enlace no contendr\u00e1 informaciones o contenidos il\u00edcitos, contrarios a la moral y a las buenas costumbres generalmente aceptadas y al orden p\u00fablico, as\u00ed como tampoco contendr\u00e1 contenidos contrarios a cualesquiera derechos de terceros.<\/li>\n<\/ul>\n\n\n\n<h2 class=\"wp-block-heading\">DISPONIBILIDAD DE LA P\u00c1GINA<\/h2>\n\n\n\n<p><strong>https:\/\/www.crematoriomascotashuelva.com\/<\/strong>\u00a0no garantiza la inexistencia de interrupciones o errores en el acceso a la P\u00e1gina, a sus Contenidos, ni que \u00e9ste se encuentren actualizados, aunque desarrollar\u00e1 sus mejores esfuerzos para, en su caso, evitarlos, subsanarlos o actualizarlos. Por consiguiente,\u00a0<strong>https:\/\/www.crematoriomascotashuelva.com\/<\/strong>no se responsabiliza de los da\u00f1os o perjuicios de cualquier tipo producidos en el USUARIO que traigan causa de fallos o desconexiones en las redes de telecomunicaciones que produzcan la suspensi\u00f3n, cancelaci\u00f3n o interrupci\u00f3n del servicio del Portal durante la prestaci\u00f3n del mismo o con car\u00e1cter previo.<\/p>\n\n\n\n<p><strong>https:\/\/www.crematoriomascotashuelva.com\/<\/strong>\u00a0excluye, con las excepciones contempladas en la legislaci\u00f3n vigente, cualquier responsabilidad por los da\u00f1os y perjuicios de toda naturaleza que puedan deberse a la falta de disponibilidad, continuidad o calidad del funcionamiento de la P\u00e1gina y de los Contenidos, al no cumplimiento de la expectativa de utilidad que los USUARIOS hubieren podido atribuir a la P\u00e1gina y a los Contenidos.<\/p>\n\n\n\n<p>La funci\u00f3n de los enlaces que aparecen en esta Web es exclusivamente la de informar al USUARIO acerca de la existencia de otras Web que contienen informaci\u00f3n sobre la materia. Dichos enlaces no constituyen sugerencia ni recomendaci\u00f3n alguna.<\/p>\n\n\n\n<p>https:\/\/www.crematoriomascotashuelva.com\/ no se hace responsable de los contenidos de dichas p\u00e1ginas enlazadas, del funcionamiento o utilidad de los enlaces ni del resultado de dichos enlaces, ni garantiza la ausencia de virus u otros elementos en los mismos que puedan producir alteraciones en el sistema inform\u00e1tico (hardware y software), los documentos o los ficheros del USUARIO, excluyendo cualquier responsabilidad por los da\u00f1os de cualquier clase causados al USUARIO por este motivo.<\/p>\n\n\n\n<p>El acceso a la P\u00e1gina no implica la obligaci\u00f3n por parte de\u00a0https:\/\/www.crematoriomascotashuelva.com\/ \u00a0de controlar la ausencia de virus, gusanos o cualquier otro elemento inform\u00e1tico da\u00f1ino. Corresponde al USUARIO, en todo caso, la disponibilidad de herramientas adecuadas para la detecci\u00f3n y desinfecci\u00f3n de programas inform\u00e1ticos da\u00f1inos, por lo tanto,\u00a0https:\/\/www.crematoriomascotashuelva.com\/\u00a0no se hace responsable de los posibles errores de seguridad que se puedan producir durante la prestaci\u00f3n del servicio de la P\u00e1gina, ni de los posibles da\u00f1os que puedan causarse al sistema inform\u00e1tico del USUARIO o de terceros (hardware y software), los ficheros o documentos almacenados en el mismo, como consecuencia de la presencia de virus en el ordenador del USUARIO utilizado para la conexi\u00f3n a los servicios y contenidos de la Web, de un mal funcionamiento del navegador o del uso de versiones no actualizadas del mismo.<\/p>\n\n\n\n<h2 class=\"wp-block-heading\">CALIDAD DE LA P\u00c1GINA<\/h2>\n\n\n\n<p>Dado el entorno din\u00e1mico y cambiante de la informaci\u00f3n y servicios que se suministran por medio de la P\u00e1gina,\u00a0<strong>https:\/\/www.crematoriomascotashuelva.com\/<\/strong>\u00a0realiza su mejor esfuerzo, pero no garantiza la completa veracidad, exactitud, fiabilidad, utilidad y\/o actualidad de los Contenidos. La informaci\u00f3n contenida en las p\u00e1ginas que componen este Portal s\u00f3lo tiene car\u00e1cter informativo, consultivo, divulgativo y publicitario. En ning\u00fan caso ofrecen ni tienen car\u00e1cter de compromiso vinculante o contractual.<\/p>\n\n\n\n<h2 class=\"wp-block-heading\">LIMITACI\u00d3N DE RESPONSABILIDAD<\/h2>\n\n\n\n<p><strong>https:\/\/www.crematoriomascotashuelva.com<\/strong>\u00a0excluye toda responsabilidad por las decisiones que el USUARIO pueda tomar basado en esta informaci\u00f3n, as\u00ed como por los posibles errores tipogr\u00e1ficos que puedan contener los documentos y gr\u00e1ficos de la P\u00e1gina. La informaci\u00f3n est\u00e1 sometida a posibles cambios peri\u00f3dicos sin previo aviso de su contenido por ampliaci\u00f3n, mejora, correcci\u00f3n o actualizaci\u00f3n de los Contenidos.<\/p>\n\n\n\n<h2 class=\"wp-block-heading\">NOTIFICACIONES<\/h2>\n\n\n\n<p>Todas las notificaciones y comunicaciones por parte de\u00a0<strong>https:\/\/www.crematoriomascotashuelva.com\/<\/strong>\u00a0al USUARIO realizados por cualquier medio se considerar\u00e1n eficaces a todos los efectos.<\/p>\n\n\n\n<h2 class=\"wp-block-heading\">DISPONIBILIDAD DE LOS CONTENIDOS<\/h2>\n\n\n\n<p>La prestaci\u00f3n del servicio de la P\u00e1gina y de los Contenidos tiene, en principio, duraci\u00f3n indefinida.\u00a0<strong>https:\/\/www.crematoriomascotashuelva.com\/<\/strong>\u00a0no obstante, queda autorizada para dar por terminada o suspender la prestaci\u00f3n del servicio de la P\u00e1gina y\/o de cualquiera de los Contenidos en cualquier momento. Cuando ello sea razonablemente posible,\u00a0<strong>\u00a0https:\/\/www.crematoriomascotashuelva.com\/<\/strong>\u00a0advertir\u00e1 previamente la terminaci\u00f3n o suspensi\u00f3n de la P\u00e1gina.<\/p>\n\n\n\n<h2 class=\"wp-block-heading\">JURISDICCI\u00d3N<\/h2>\n\n\n\n<p>Para cuantas cuestiones se susciten sobre la interpretaci\u00f3n, aplicaci\u00f3n y cumplimiento de este Aviso Legal, as\u00ed como de las reclamaciones que puedan derivarse de su uso, todos las partes intervinientes se someten a los Jueces y Tribunales de\u00a0<strong>Huelva<\/strong>, renunciando de forma expresa a cualquier otro fuero que pudiera corresponderles. Legislaci\u00f3n aplicable El Aviso Legal se rige por la ley espa\u00f1ola. Copyright \u00a9 2019 \u2013\u00a0<strong>Complejo Residencial de Animales y Viveros de plantas S.L<\/strong><\/p>\n\n\n\n<p>Reservados todos los derechos de autor por las leyes y tratados internacionales de propiedad intelectual. Queda expresamente prohibida su copia, reproducci\u00f3n o difusi\u00f3n, total o parcial, por cualquier medio.<\/p>\n","protected":false},"excerpt":{"rendered":"<p>En cumplimiento con el deber de informaci\u00f3n recogido en art\u00edculo 10 de la Ley 34\/2002, de 11 de julio, de Servicios de la Sociedad de la Informaci\u00f3n y del Comercio Electr\u00f3nico, a continuaci\u00f3n se hace constar: La presente informaci\u00f3n conforma y regula las condiciones de uso, las limitaciones de responsabilidad y las obligaciones que, los [&hellip;]<\/p>\n","protected":false},"author":1,"featured_media":0,"parent":0,"menu_order":0,"comment_status":"closed","ping_status":"closed","template":"","meta":{"_et_pb_use_builder":"off","_et_pb_old_content":"","_et_gb_content_width":"","footnotes":""},"class_list":["post-15","page","type-page","status-publish","hentry"],"yoast_head":"<!-- This site is optimized with the Yoast SEO plugin v27.4 - https:\/\/yoast.com\/product\/yoast-seo-wordpress\/ -->\n<title>T\u00e9rminos y condiciones - crematoriomascotashuelva<\/title>\n<meta name=\"robots\" content=\"index, follow, max-snippet:-1, max-image-preview:large, max-video-preview:-1\" \/>\n<link rel=\"canonical\" href=\"https:\/\/www.crematoriomascotashuelva.com\/index.php\/terminos-y-condiciones\/\" \/>\n<meta property=\"og:locale\" content=\"es_ES\" \/>\n<meta property=\"og:type\" content=\"article\" \/>\n<meta property=\"og:title\" content=\"T\u00e9rminos y condiciones - crematoriomascotashuelva\" \/>\n<meta property=\"og:description\" content=\"En cumplimiento con el deber de informaci\u00f3n recogido en art\u00edculo 10 de la Ley 34\/2002, de 11 de julio, de Servicios de la Sociedad de la Informaci\u00f3n y del Comercio Electr\u00f3nico, a continuaci\u00f3n se hace constar: La presente informaci\u00f3n conforma y regula las condiciones de uso, las limitaciones de responsabilidad y las obligaciones que, los [&hellip;]\" \/>\n<meta property=\"og:url\" content=\"https:\/\/www.crematoriomascotashuelva.com\/index.php\/terminos-y-condiciones\/\" \/>\n<meta property=\"og:site_name\" content=\"crematoriomascotashuelva\" \/>\n<meta property=\"article:modified_time\" content=\"2023-07-13T17:02:22+00:00\" \/>\n<meta name=\"twitter:card\" content=\"summary_large_image\" \/>\n<meta name=\"twitter:label1\" content=\"Tiempo de lectura\" \/>\n\t<meta name=\"twitter:data1\" content=\"9 minutos\" \/>\n<script type=\"application\/ld+json\" class=\"yoast-schema-graph\">{\"@context\":\"https:\\\/\\\/schema.org\",\"@graph\":[{\"@type\":\"WebPage\",\"@id\":\"https:\\\/\\\/www.crematoriomascotashuelva.com\\\/index.php\\\/terminos-y-condiciones\\\/\",\"url\":\"https:\\\/\\\/www.crematoriomascotashuelva.com\\\/index.php\\\/terminos-y-condiciones\\\/\",\"name\":\"T\u00e9rminos y condiciones - crematoriomascotashuelva\",\"isPartOf\":{\"@id\":\"https:\\\/\\\/www.crematoriomascotashuelva.com\\\/#website\"},\"datePublished\":\"2023-05-22T18:47:35+00:00\",\"dateModified\":\"2023-07-13T17:02:22+00:00\",\"breadcrumb\":{\"@id\":\"https:\\\/\\\/www.crematoriomascotashuelva.com\\\/index.php\\\/terminos-y-condiciones\\\/#breadcrumb\"},\"inLanguage\":\"es\",\"potentialAction\":[{\"@type\":\"ReadAction\",\"target\":[\"https:\\\/\\\/www.crematoriomascotashuelva.com\\\/index.php\\\/terminos-y-condiciones\\\/\"]}]},{\"@type\":\"BreadcrumbList\",\"@id\":\"https:\\\/\\\/www.crematoriomascotashuelva.com\\\/index.php\\\/terminos-y-condiciones\\\/#breadcrumb\",\"itemListElement\":[{\"@type\":\"ListItem\",\"position\":1,\"name\":\"Portada\",\"item\":\"https:\\\/\\\/www.crematoriomascotashuelva.com\\\/\"},{\"@type\":\"ListItem\",\"position\":2,\"name\":\"T\u00e9rminos y condiciones\"}]},{\"@type\":\"WebSite\",\"@id\":\"https:\\\/\\\/www.crematoriomascotashuelva.com\\\/#website\",\"url\":\"https:\\\/\\\/www.crematoriomascotashuelva.com\\\/\",\"name\":\"crematoriomascotashuelva\",\"description\":\"S&oacute;lo otro sitio de WordPress\",\"potentialAction\":[{\"@type\":\"SearchAction\",\"target\":{\"@type\":\"EntryPoint\",\"urlTemplate\":\"https:\\\/\\\/www.crematoriomascotashuelva.com\\\/?s={search_term_string}\"},\"query-input\":{\"@type\":\"PropertyValueSpecification\",\"valueRequired\":true,\"valueName\":\"search_term_string\"}}],\"inLanguage\":\"es\"}]}<\/script>\n<!-- \/ Yoast SEO plugin. -->","yoast_head_json":{"title":"T\u00e9rminos y condiciones - crematoriomascotashuelva","robots":{"index":"index","follow":"follow","max-snippet":"max-snippet:-1","max-image-preview":"max-image-preview:large","max-video-preview":"max-video-preview:-1"},"canonical":"https:\/\/www.crematoriomascotashuelva.com\/index.php\/terminos-y-condiciones\/","og_locale":"es_ES","og_type":"article","og_title":"T\u00e9rminos y condiciones - crematoriomascotashuelva","og_description":"En cumplimiento con el deber de informaci\u00f3n recogido en art\u00edculo 10 de la Ley 34\/2002, de 11 de julio, de Servicios de la Sociedad de la Informaci\u00f3n y del Comercio Electr\u00f3nico, a continuaci\u00f3n se hace constar: La presente informaci\u00f3n conforma y regula las condiciones de uso, las limitaciones de responsabilidad y las obligaciones que, los [&hellip;]","og_url":"https:\/\/www.crematoriomascotashuelva.com\/index.php\/terminos-y-condiciones\/","og_site_name":"crematoriomascotashuelva","article_modified_time":"2023-07-13T17:02:22+00:00","twitter_card":"summary_large_image","twitter_misc":{"Tiempo de lectura":"9 minutos"},"schema":{"@context":"https:\/\/schema.org","@graph":[{"@type":"WebPage","@id":"https:\/\/www.crematoriomascotashuelva.com\/index.php\/terminos-y-condiciones\/","url":"https:\/\/www.crematoriomascotashuelva.com\/index.php\/terminos-y-condiciones\/","name":"T\u00e9rminos y condiciones - crematoriomascotashuelva","isPartOf":{"@id":"https:\/\/www.crematoriomascotashuelva.com\/#website"},"datePublished":"2023-05-22T18:47:35+00:00","dateModified":"2023-07-13T17:02:22+00:00","breadcrumb":{"@id":"https:\/\/www.crematoriomascotashuelva.com\/index.php\/terminos-y-condiciones\/#breadcrumb"},"inLanguage":"es","potentialAction":[{"@type":"ReadAction","target":["https:\/\/www.crematoriomascotashuelva.com\/index.php\/terminos-y-condiciones\/"]}]},{"@type":"BreadcrumbList","@id":"https:\/\/www.crematoriomascotashuelva.com\/index.php\/terminos-y-condiciones\/#breadcrumb","itemListElement":[{"@type":"ListItem","position":1,"name":"Portada","item":"https:\/\/www.crematoriomascotashuelva.com\/"},{"@type":"ListItem","position":2,"name":"T\u00e9rminos y condiciones"}]},{"@type":"WebSite","@id":"https:\/\/www.crematoriomascotashuelva.com\/#website","url":"https:\/\/www.crematoriomascotashuelva.com\/","name":"crematoriomascotashuelva","description":"S&oacute;lo otro sitio de WordPress","potentialAction":[{"@type":"SearchAction","target":{"@type":"EntryPoint","urlTemplate":"https:\/\/www.crematoriomascotashuelva.com\/?s={search_term_string}"},"query-input":{"@type":"PropertyValueSpecification","valueRequired":true,"valueName":"search_term_string"}}],"inLanguage":"es"}]}},"_links":{"self":[{"href":"https:\/\/www.crematoriomascotashuelva.com\/index.php\/wp-json\/wp\/v2\/pages\/15","targetHints":{"allow":["GET"]}}],"collection":[{"href":"https:\/\/www.crematoriomascotashuelva.com\/index.php\/wp-json\/wp\/v2\/pages"}],"about":[{"href":"https:\/\/www.crematoriomascotashuelva.com\/index.php\/wp-json\/wp\/v2\/types\/page"}],"author":[{"embeddable":true,"href":"https:\/\/www.crematoriomascotashuelva.com\/index.php\/wp-json\/wp\/v2\/users\/1"}],"replies":[{"embeddable":true,"href":"https:\/\/www.crematoriomascotashuelva.com\/index.php\/wp-json\/wp\/v2\/comments?post=15"}],"version-history":[{"count":3,"href":"https:\/\/www.crematoriomascotashuelva.com\/index.php\/wp-json\/wp\/v2\/pages\/15\/revisions"}],"predecessor-version":[{"id":216,"href":"https:\/\/www.crematoriomascotashuelva.com\/index.php\/wp-json\/wp\/v2\/pages\/15\/revisions\/216"}],"wp:attachment":[{"href":"https:\/\/www.crematoriomascotashuelva.com\/index.php\/wp-json\/wp\/v2\/media?parent=15"}],"curies":[{"name":"wp","href":"https:\/\/api.w.org\/{rel}","templated":true}]}}