{"id":13,"date":"2023-05-22T18:46:30","date_gmt":"2023-05-22T18:46:30","guid":{"rendered":"https:\/\/www.crematoriomascotashuelva.com\/?page_id=13"},"modified":"2023-05-22T18:46:31","modified_gmt":"2023-05-22T18:46:31","slug":"politica-de-cookies","status":"publish","type":"page","link":"https:\/\/www.crematoriomascotashuelva.com\/index.php\/politica-de-cookies\/","title":{"rendered":"Pol\u00edtica de cookies"},"content":{"rendered":"\n<p><strong>POL\u00cdTICA DE COOKIES<\/strong><br>Las cookies son peque\u00f1os dispositivos de almacenamiento y recuperaci\u00f3n de datos que son instalados en el ordenador el usuario, y que permiten la prestaci\u00f3n de servicios concretos a trav\u00e9s del sitio web. Se tratan de elementos esenciales hoy en d\u00eda en el funcionamiento de internet.<\/p>\n\n\n\n<p>La creaci\u00f3n de la presente pol\u00edtica de cookies obedece a la necesidad de implantar un sistema por el que el usuario sea plenamente consciente de la instalaci\u00f3n y uso de las cookies, as\u00ed como conocedores del destino y uso de sus datos de navegaci\u00f3n, que pueden ir de unos pocos kilobytes a varios megabytes.<\/p>\n\n\n\n<p>Adem\u00e1s de aquellas cookies estrictamente necesarias para la navegaci\u00f3n web, crematoriomascotashuelva utiliza cookies y archivos de seguimiento, cuyo uso permite adem\u00e1s de facilitar y permitir la navegaci\u00f3n de los usuarios, recoger datos estad\u00edsticos como: fecha de la primera visita, n\u00famero de veces que se ha visitado, fecha de la \u00faltima visita, URL y dominio de la que proviene, explorador utilizado, resoluci\u00f3n de pantalla y comportamiento en la navegaci\u00f3n del usuario. Se tratan de cookies de anal\u00edtica web, que permiten a los propietarios de los sitios web saber el grado de implicaci\u00f3n de los usuarios y que pueden ser tanto propias como de terceros. En concreto, crematoriomascotashuelva\u00a0 utiliza:<\/p>\n\n\n\n<p>Cookies de Google Analytics, servicio prestado por Google, Inc., cuya oficina principal est\u00e1 en 1600 Amphitheatre Parkway, Mountain View (California), CA 94043, Estados Unidos (\u2018Google\u2019). La informaci\u00f3n que genera la cookie (incluyendo tu direcci\u00f3n IP) ser\u00e1 directamente transmitida y archivada por Google en los servidores de Estados Unidos. Google usar\u00e1 esta informaci\u00f3n conforme a la Pol\u00edtica de Privacidad de Google Analytics.<br>Las cookies no son instaladas en el equipo del usuario, salvo que manifieste su voluntad de navegar en el sitio web a trav\u00e9s de alguna de las siguientes opciones que se describen:<\/p>\n\n\n\n<p>Hacer clic en cualquier punto o enlace de la web.<br>Permanecer en el sitio web durante un tiempo superior a 15 segundos.<br>Desplazarse verticalmente por la web.<br>En todo momento el usuario podr\u00e1 impedir la generaci\u00f3n e instalaci\u00f3n de cookies en su equipo terminal, mediante la selecci\u00f3n de la correspondiente opci\u00f3n en su programa de navegaci\u00f3n.<\/p>\n\n\n\n<p>Para m\u00e1s informaci\u00f3n sobre Internet Explorer,&nbsp;<a href=\"https:\/\/support.microsoft.com\/es-es\/help\/17442\/windows-internet-explorer-delete-manage-cookies\">pulse&nbsp;aqu\u00ed<\/a>.<br>Para m\u00e1s informaci\u00f3n sobre Firefox,&nbsp;<a href=\"https:\/\/support.mozilla.org\/es\/kb\/habilitar-y-deshabilitar-cookies-sitios-web-rastrear-preferencias?redirectlocale=es&amp;redirectslug=habilitar-y-deshabilitar-cookies-que-los-sitios-we\">pulse&nbsp;aqu\u00ed<\/a>.<br>Para m\u00e1s informaci\u00f3n sobre Google Chrome,&nbsp;<a href=\"https:\/\/support.google.com\/chrome\/answer\/95647?hl=es\">pulse&nbsp;aqu\u00ed.<\/a><br>Para m\u00e1s informaci\u00f3n sobre Opera,&nbsp;<a href=\"http:\/\/help.opera.com\/Windows\/11.50\/es-ES\/cookies.html\">pulse&nbsp;aqu\u00ed.<\/a><br>Para m\u00e1s informaci\u00f3n sobre Safari,&nbsp;<a href=\"https:\/\/support.apple.com\/kb\/ph5042?locale=es_ES\">pulse&nbsp;aqu\u00ed.<\/a><br>Sin embargo, no podemos responsabilizarnos de que la desactivaci\u00f3n de los mismos impida el buen funcionamiento de la p\u00e1gina. La informaci\u00f3n obtenida es totalmente an\u00f3nima, y en ning\u00fan caso puede ser asociada a un usuario concreto e identificado.<\/p>\n","protected":false},"excerpt":{"rendered":"<p>POL\u00cdTICA DE COOKIESLas cookies son peque\u00f1os dispositivos de almacenamiento y recuperaci\u00f3n de datos que son instalados en el ordenador el usuario, y que permiten la prestaci\u00f3n de servicios concretos a trav\u00e9s del sitio web. Se tratan de elementos esenciales hoy en d\u00eda en el funcionamiento de internet. La creaci\u00f3n de la presente pol\u00edtica de cookies [&hellip;]<\/p>\n","protected":false},"author":1,"featured_media":0,"parent":0,"menu_order":0,"comment_status":"closed","ping_status":"closed","template":"","meta":{"_et_pb_use_builder":"off","_et_pb_old_content":"","_et_gb_content_width":"","footnotes":""},"class_list":["post-13","page","type-page","status-publish","hentry"],"yoast_head":"<!-- This site is optimized with the Yoast SEO plugin v27.4 - https:\/\/yoast.com\/product\/yoast-seo-wordpress\/ -->\n<title>Pol\u00edtica de cookies - crematoriomascotashuelva<\/title>\n<meta name=\"robots\" content=\"index, follow, max-snippet:-1, max-image-preview:large, max-video-preview:-1\" \/>\n<link rel=\"canonical\" href=\"https:\/\/www.crematoriomascotashuelva.com\/index.php\/politica-de-cookies\/\" \/>\n<meta property=\"og:locale\" content=\"es_ES\" \/>\n<meta property=\"og:type\" content=\"article\" \/>\n<meta property=\"og:title\" content=\"Pol\u00edtica de cookies - crematoriomascotashuelva\" \/>\n<meta property=\"og:description\" content=\"POL\u00cdTICA DE COOKIESLas cookies son peque\u00f1os dispositivos de almacenamiento y recuperaci\u00f3n de datos que son instalados en el ordenador el usuario, y que permiten la prestaci\u00f3n de servicios concretos a trav\u00e9s del sitio web. Se tratan de elementos esenciales hoy en d\u00eda en el funcionamiento de internet. La creaci\u00f3n de la presente pol\u00edtica de cookies [&hellip;]\" \/>\n<meta property=\"og:url\" content=\"https:\/\/www.crematoriomascotashuelva.com\/index.php\/politica-de-cookies\/\" \/>\n<meta property=\"og:site_name\" content=\"crematoriomascotashuelva\" \/>\n<meta property=\"article:modified_time\" content=\"2023-05-22T18:46:31+00:00\" \/>\n<meta name=\"twitter:card\" content=\"summary_large_image\" \/>\n<meta name=\"twitter:label1\" content=\"Tiempo de lectura\" \/>\n\t<meta name=\"twitter:data1\" content=\"2 minutos\" \/>\n<script type=\"application\/ld+json\" class=\"yoast-schema-graph\">{\"@context\":\"https:\\\/\\\/schema.org\",\"@graph\":[{\"@type\":\"WebPage\",\"@id\":\"https:\\\/\\\/www.crematoriomascotashuelva.com\\\/index.php\\\/politica-de-cookies\\\/\",\"url\":\"https:\\\/\\\/www.crematoriomascotashuelva.com\\\/index.php\\\/politica-de-cookies\\\/\",\"name\":\"Pol\u00edtica de cookies - crematoriomascotashuelva\",\"isPartOf\":{\"@id\":\"https:\\\/\\\/www.crematoriomascotashuelva.com\\\/#website\"},\"datePublished\":\"2023-05-22T18:46:30+00:00\",\"dateModified\":\"2023-05-22T18:46:31+00:00\",\"breadcrumb\":{\"@id\":\"https:\\\/\\\/www.crematoriomascotashuelva.com\\\/index.php\\\/politica-de-cookies\\\/#breadcrumb\"},\"inLanguage\":\"es\",\"potentialAction\":[{\"@type\":\"ReadAction\",\"target\":[\"https:\\\/\\\/www.crematoriomascotashuelva.com\\\/index.php\\\/politica-de-cookies\\\/\"]}]},{\"@type\":\"BreadcrumbList\",\"@id\":\"https:\\\/\\\/www.crematoriomascotashuelva.com\\\/index.php\\\/politica-de-cookies\\\/#breadcrumb\",\"itemListElement\":[{\"@type\":\"ListItem\",\"position\":1,\"name\":\"Portada\",\"item\":\"https:\\\/\\\/www.crematoriomascotashuelva.com\\\/\"},{\"@type\":\"ListItem\",\"position\":2,\"name\":\"Pol\u00edtica de cookies\"}]},{\"@type\":\"WebSite\",\"@id\":\"https:\\\/\\\/www.crematoriomascotashuelva.com\\\/#website\",\"url\":\"https:\\\/\\\/www.crematoriomascotashuelva.com\\\/\",\"name\":\"crematoriomascotashuelva\",\"description\":\"S&oacute;lo otro sitio de WordPress\",\"potentialAction\":[{\"@type\":\"SearchAction\",\"target\":{\"@type\":\"EntryPoint\",\"urlTemplate\":\"https:\\\/\\\/www.crematoriomascotashuelva.com\\\/?s={search_term_string}\"},\"query-input\":{\"@type\":\"PropertyValueSpecification\",\"valueRequired\":true,\"valueName\":\"search_term_string\"}}],\"inLanguage\":\"es\"}]}<\/script>\n<!-- \/ Yoast SEO plugin. -->","yoast_head_json":{"title":"Pol\u00edtica de cookies - crematoriomascotashuelva","robots":{"index":"index","follow":"follow","max-snippet":"max-snippet:-1","max-image-preview":"max-image-preview:large","max-video-preview":"max-video-preview:-1"},"canonical":"https:\/\/www.crematoriomascotashuelva.com\/index.php\/politica-de-cookies\/","og_locale":"es_ES","og_type":"article","og_title":"Pol\u00edtica de cookies - crematoriomascotashuelva","og_description":"POL\u00cdTICA DE COOKIESLas cookies son peque\u00f1os dispositivos de almacenamiento y recuperaci\u00f3n de datos que son instalados en el ordenador el usuario, y que permiten la prestaci\u00f3n de servicios concretos a trav\u00e9s del sitio web. Se tratan de elementos esenciales hoy en d\u00eda en el funcionamiento de internet. La creaci\u00f3n de la presente pol\u00edtica de cookies [&hellip;]","og_url":"https:\/\/www.crematoriomascotashuelva.com\/index.php\/politica-de-cookies\/","og_site_name":"crematoriomascotashuelva","article_modified_time":"2023-05-22T18:46:31+00:00","twitter_card":"summary_large_image","twitter_misc":{"Tiempo de lectura":"2 minutos"},"schema":{"@context":"https:\/\/schema.org","@graph":[{"@type":"WebPage","@id":"https:\/\/www.crematoriomascotashuelva.com\/index.php\/politica-de-cookies\/","url":"https:\/\/www.crematoriomascotashuelva.com\/index.php\/politica-de-cookies\/","name":"Pol\u00edtica de cookies - crematoriomascotashuelva","isPartOf":{"@id":"https:\/\/www.crematoriomascotashuelva.com\/#website"},"datePublished":"2023-05-22T18:46:30+00:00","dateModified":"2023-05-22T18:46:31+00:00","breadcrumb":{"@id":"https:\/\/www.crematoriomascotashuelva.com\/index.php\/politica-de-cookies\/#breadcrumb"},"inLanguage":"es","potentialAction":[{"@type":"ReadAction","target":["https:\/\/www.crematoriomascotashuelva.com\/index.php\/politica-de-cookies\/"]}]},{"@type":"BreadcrumbList","@id":"https:\/\/www.crematoriomascotashuelva.com\/index.php\/politica-de-cookies\/#breadcrumb","itemListElement":[{"@type":"ListItem","position":1,"name":"Portada","item":"https:\/\/www.crematoriomascotashuelva.com\/"},{"@type":"ListItem","position":2,"name":"Pol\u00edtica de cookies"}]},{"@type":"WebSite","@id":"https:\/\/www.crematoriomascotashuelva.com\/#website","url":"https:\/\/www.crematoriomascotashuelva.com\/","name":"crematoriomascotashuelva","description":"S&oacute;lo otro sitio de WordPress","potentialAction":[{"@type":"SearchAction","target":{"@type":"EntryPoint","urlTemplate":"https:\/\/www.crematoriomascotashuelva.com\/?s={search_term_string}"},"query-input":{"@type":"PropertyValueSpecification","valueRequired":true,"valueName":"search_term_string"}}],"inLanguage":"es"}]}},"_links":{"self":[{"href":"https:\/\/www.crematoriomascotashuelva.com\/index.php\/wp-json\/wp\/v2\/pages\/13","targetHints":{"allow":["GET"]}}],"collection":[{"href":"https:\/\/www.crematoriomascotashuelva.com\/index.php\/wp-json\/wp\/v2\/pages"}],"about":[{"href":"https:\/\/www.crematoriomascotashuelva.com\/index.php\/wp-json\/wp\/v2\/types\/page"}],"author":[{"embeddable":true,"href":"https:\/\/www.crematoriomascotashuelva.com\/index.php\/wp-json\/wp\/v2\/users\/1"}],"replies":[{"embeddable":true,"href":"https:\/\/www.crematoriomascotashuelva.com\/index.php\/wp-json\/wp\/v2\/comments?post=13"}],"version-history":[{"count":1,"href":"https:\/\/www.crematoriomascotashuelva.com\/index.php\/wp-json\/wp\/v2\/pages\/13\/revisions"}],"predecessor-version":[{"id":14,"href":"https:\/\/www.crematoriomascotashuelva.com\/index.php\/wp-json\/wp\/v2\/pages\/13\/revisions\/14"}],"wp:attachment":[{"href":"https:\/\/www.crematoriomascotashuelva.com\/index.php\/wp-json\/wp\/v2\/media?parent=13"}],"curies":[{"name":"wp","href":"https:\/\/api.w.org\/{rel}","templated":true}]}}